{"id":2183,"date":"2024-08-30T03:01:44","date_gmt":"2024-08-30T01:01:44","guid":{"rendered":"https:\/\/f4nf.com\/algemene-voorwaarden\/"},"modified":"2024-08-30T13:56:54","modified_gmt":"2024-08-30T11:56:54","slug":"algemene-voorwaarden","status":"publish","type":"page","link":"https:\/\/f4nf.com\/nl\/algemene-voorwaarden\/","title":{"rendered":"Algemene voorwaarden"},"content":{"rendered":"<p>[et_pb_section fb_built=&#8221;1&#8243; admin_label=&#8221;section&#8221; _builder_version=&#8221;4.16&#8243; global_colors_info=&#8221;{}&#8221;][et_pb_row admin_label=&#8221;rij&#8221; _builder_version=&#8221;4.16&#8243; background_size=&#8221;initial&#8221; background_position=&#8221;top_left&#8221; background_repeat=&#8221;repeat&#8221; global_colors_info=&#8221;{}&#8221;][et_pb_column type=&#8221;4_4&#8243; _builder_version=&#8221;4.16&#8243; custom_padding=&#8221;|||&#8221; global_colors_info=&#8221;{}&#8221; custom_padding__hover=&#8221;|||&#8221;][et_pb_text admin_label=&#8221;Text&#8221; _builder_version=&#8221;4.27.0&#8243; background_size=&#8221;initial&#8221; background_position=&#8221;top_left&#8221; background_repeat=&#8221;repeat&#8221; hover_enabled=&#8221;0&#8243; global_colors_info=&#8221;{}&#8221; sticky_enabled=&#8221;0&#8243;]<\/p>\n<h1>Algemene voorwaarden van F4NF B.V.<\/h1>\n<p>&nbsp;<\/p>\n<p>&nbsp;<\/p>\n<h5><strong>Artikel 0: Nederlandse, Engelse en Duitse versie van de algemene voorwaarden<\/strong><\/h5>\n<p>De vertaling van de algemene voorwaarden van het Nederlands naar het Engels en Duits is met de grootste zorgvuldigheid uitgevoerd. Mocht er een verschil zijn tussen de versies, dan prevaleert de Nederlandse versie boven de Engelse en Duitse versie. <\/p>\n<h5><strong>Artikel 1: Definities<\/strong><\/h5>\n<p>In deze algemene voorwaarden wordt verstaan onder:<\/p>\n<ol>\n<li>F4NF: F4NF B.V., gevestigd Molendijk 43A, 5941 EE Velden, ingeschreven bij de Kamer van Koophandel Venlo onder nummer 93648138.<\/li>\n<li>Cli\u00ebnt: Natuurlijk persoon of rechtspersoon die een overeenkomst is aangegaan of wenst aan te gaan met F4NF.<\/li>\n<li>E-Learning: Module waarbij een cli\u00ebnt, zonder tussenkomst van derden, toegang kan verkrijgen tot een specifiek deel van de website van F4NF, en waarvan de inhoud wordt bepaald door F4NF.<\/li>\n<li>Open Inschrijving: Module waarvoor een cli\u00ebnt, zonder tussenkomst van derden, zich vrij kan inschrijven georganiseerd door of onder auspici\u00ebn van F4NF, en waarvan de inhoud wordt bepaald door F4NF.<\/li>\n<li>Coaching: Individuele begeleiding waarbij F4NF in overleg met cli\u00ebnt de inhoud van de werkzaamheden vaststelt.<\/li>\n<li>In Company: Training waarbij F4NF in overleg met cli\u00ebnt de inhoud van de werkzaamheden vaststelt.<\/li>\n<li>Verschuiving: De eenmalige mogelijkheid van cli\u00ebnt om de module op een ander tijdstip te volgen dan waarvoor is ingeschreven.<\/li>\n<li>Bemiddelaar: Natuurlijk persoon of rechtspersoon die een overeenkomst tot stand heeft gebracht tussen cli\u00ebnt en F4NF.<\/li>\n<\/ol>\n<h5><strong>Artikel 2: Voorwaarden van toepassing<\/strong><\/h5>\n<ol>\n<li>Deze algemene leveringsvoorwaarden zijn van toepassing op alle overeenkomsten gesloten met F4NF, tenzij uitdrukkelijk schriftelijk anders overeengekomen.<\/li>\n<li>De toepasselijkheid van enig door cli\u00ebnt gebruikte voorwaarden of bedingen wordt door F4NF uitdrukkelijk van de hand gewezen.<\/li>\n<li>Bij aanvraag van offerte, inschrijving bij open inschrijving of aangaan van overeenkomst worden de algemene voorwaarden van F4NF onherroepelijk geaccepteerd door cli\u00ebnt en verklaart deze op de hoogte te zijn van de inhoud en de strekking.<\/li>\n<\/ol>\n<h5><strong>Artikel 3: Omvang verplichtingen<\/strong><\/h5>\n<ol>\n<li>Overeenkomsten met F4NF leiden voor F4NF tot een inspanningsverplichting, niet tot een resultaatsverplichting.<\/li>\n<li>Indien F4NF voor de uitvoering van de werkzaamheden afhankelijk is van informatie of medewerking van cli\u00ebnt, is F4NF ontslagen uit haar verplichtingen indien cli\u00ebnt niet tijdig de informatie verstrekt dan wel haar medewerking verleent.<\/li>\n<\/ol>\n<h5><strong>Artikel 4: Offerte<\/strong><\/h5>\n<ol>\n<li>Offertes zijn voor F4NF niet bindend en dienen uitsluitend tot het plaatsen van een aanbod.<\/li>\n<li>Een overeenkomst komt tot stand bij schriftelijke bevestiging door F4NF, dan wel op het moment dat F4NF aanvang heeft gemaakt met de uitvoering van het betreffende aanbod.<\/li>\n<\/ol>\n<h5><strong>Artikel 5: Overeenkomst<\/strong><\/h5>\n<ol>\n<li>De overeenkomst tussen F4NF en Cli\u00ebnt komt eerst tot stand nadat dit schriftelijk of elektronisch door F4NF is bevestigd.<\/li>\n<li>Indien cli\u00ebnt na het sluiten van de overeenkomst een wijziging verlangt, niet zijnde een (gedeeltelijke) annulering zal dit door F4NF naar redelijkheid worden aanvaard. Wijzigingen komen uitsluitend schriftelijk tot stand waarop artikel 3 van toepassing is. <\/li>\n<li>Bij Open Inschrijving verklaart cli\u00ebnt op de hoogte te zijn van de vereiste voorkennis en te voldoen aan de eisen. Indien cli\u00ebnt de gebruikelijke gang van zaken ernstig belemmert kan F4NF de cli\u00ebnt uitsluiten van verdere deelname. De betalingsverplichtingen van cli\u00ebnt blijven in een dergelijk geval onverminderd van kracht.  <\/li>\n<li>Bij Open Inschrijvingen is vervanging door een ander natuurlijk persoon altijd mogelijk mits F4NF hiervan voorafgaand schriftelijk of elektronisch op de hoogte wordt gesteld.<\/li>\n<\/ol>\n<h5><strong>Artikel 6: Reclames<\/strong><\/h5>\n<ol>\n<li>Eventuele klachten in verband met de werkzaamheden van F4NF moeten binnen 8 werkdagen na uitvoering schriftelijk per aangetekende brief bij F4NF worden ingediend.<\/li>\n<li>Eventuele klachten schorten de verplichting van de cli\u00ebnt tot betaling niet op.<\/li>\n<li>Indien F4NF van oordeel is dat een klacht gegrond is zal F4NF slechts verplicht zijn een, in onderling overleg te bepalen korting te verlenen, hetzij tot vervangende levering over te gaan.<\/li>\n<\/ol>\n<h5><strong>Artikel 7: Aansprakelijkheid<\/strong><\/h5>\n<ol>\n<li>De ontwikkeling, organisatie en uitvoering van de trainingen en het advies worden met de grootst mogelijke zorg door F4NF verricht. F4NF kan niet instaan voor onjuistheden of onvolledigheden in het materiaal of het advies en kan uit dien gronde geen enkele aansprakelijkheid aanvaarden. <\/li>\n<li>Deelname aan trainingen en advies is voor eigen risico van de cli\u00ebnt en F4NF kan derhalve geen enkele aansprakelijkheid aanvaarden, voor tijdens de trainingen en het advies ontstaan verlies, diefstal of beschadiging van eigendommen van de cli\u00ebnt, alsmede voor tijdens het programma opgelopen persoonlijk letsel van de cli\u00ebnt.<\/li>\n<li>Het handelen door cli\u00ebnt naar aanleiding van de cursussen, advies en verstrekte materialen geschiedt geheel voor risico van de cli\u00ebnt. F4NF is jegens de cli\u00ebnt, behoudens opzet of grove schuld, niet aansprakelijk voor schade van welke aard dan ook, direct of indirect, welke voor de cli\u00ebnt voortvloeit uit het handelen naar aanleiding van de cursussen, advies of verstrekte materialen. <\/li>\n<li>Mocht, met inachtneming van hetgeen in het voorgaande lid van dit artikel bepaald, blijken dat de ontstane schade en of enig nadeel voor rekening van F4NF dienen\/dient te komen, dan zal de totale aansprakelijkheid van F4NF in geen geval hoger zijn dan een bedrag gelijk aan de, bij de totstandkoming van de overeenkomst, overeengekomen prijs.<\/li>\n<li>De bewijslast met betrekking tot schade door F4NF berust op de cli\u00ebnt, welke door deze wordt aanvaard.<\/li>\n<\/ol>\n<h5><strong>Artikel 8: Geschillen<\/strong><\/h5>\n<ol>\n<li>Op alle onder deze voorwaarden gedane aanbiedingen, offertes en overeenkomsten is bij uitsluiting Nederlands Recht van toepassing.<\/li>\n<li>De bevoegde rechter te Roermond is met uitsluiting van iedere andere rechter bevoegd kennis te nemen van alle geschillen gerezen naar aanleiding van aanbiedingen, offertes en overeenkomsten op welke deze voorwaarden van toepassing zijn.<\/li>\n<\/ol>\n<h5><strong>Artikel 9: Verschuiving van Uitvoerdatum<\/strong><\/h5>\n<ol>\n<li>Verschuiving van uitvoerdatum bij Open Inschrijving is eenmalig mogelijk indien binnen 13 maanden de zelfde module wordt aangeboden, onder voorbehoud dat de training nog niet is volgeboekt. F4NF bevestigd schriftelijk of verschuiving mogelijk is. <\/li>\n<li>Verschuiving van uitvoerdatum bij In Company trainingen worden in onderling overleg vastgesteld, doch uiterlijk 6 maanden na oorspronkelijke uitvoerdatum.<\/li>\n<li>Na verschuiving is annulering door cli\u00ebnt niet mogelijk.<\/li>\n<\/ol>\n<h5><strong>Artikel 10: Annulering van Overeenkomst<\/strong><\/h5>\n<ol>\n<li>Annulering dient uitsluitend schriftelijk te geschieden.<\/li>\n<li>Geheel of gedeeltelijke annulering van een In Company overeenkomst waarbij een vaste prijs is overeengekomen is mogelijk waarbij in geval van annulering tot 6 weken voor de uitvoeringsdatum 50% van het in de overeenkomst vastgestelde bedrag in rekening wordt gesteld. Bij annulering binnen 6 weken van de uitvoeringsdatum wordt 100% van de overeengekomen prijs gedeclareerd. Bij gedeeltelijke annulering worden de kosten naar rato in rekening gesteld.  <\/li>\n<li>Geheel of gedeeltelijke annulering van een In Company overeenkomst waarbij een variabele prijs is overeengekomen is mogelijk waarbij in geval van annulering tot 6 weken voor de uitvoeringsdatum de gemaakte kosten en reeds aangegane verplichtingen in rekening worden gebracht. Van de niet geleverde uren wordt 50% in rekening gesteld. Bij annulering binnen 6 weken van de uitvoeringsdatum wordt 100% van de overeengekomen prijs gedeclareerd. Bij gedeeltelijke annulering worden de kosten naar rato in rekening gesteld.   <\/li>\n<li>Niet-deelnemen aan een activiteit op de ingeschreven datum wordt als een annulering beschouwd ook als op een later tijdstip aan de zelfde activiteit wordt deelgenomen.<\/li>\n<li>Annulering van een Open Inschrijving tot 3 maanden voor aanvang van de Training is mogelijk waarbij door F4NF \u20ac 195 in rekening worden gebracht. Bij annulering tot 6 weken wordt 50% van de kosten in rekening gebracht. Bij annulering na 6 weken wordt 100% van de kosten in rekening gebracht. Bij gedeeltelijke annulering worden de kosten naar rato in rekening gesteld.   <\/li>\n<li>Annulering is niet mogelijk op basis van het achteraf niet akkoord gaan van cli\u00ebnt met overeengekomen prijs of betalingswijze.<\/li>\n<li>Cli\u00ebnt kan altijd binnen 7 dagen na inschrijving kosteloos annuleren.<\/li>\n<\/ol>\n<h5><strong>Artikel 11: Ontbinding overeenkomst<\/strong><\/h5>\n<ol>\n<li>In geval het aantal deelnemers voor Open Inschrijvingen onder het door F4NF gestelde minimum ligt, is F4NF gerechtigd het programma af te gelasten en de overeenkomst te ontbinden zover de cli\u00ebnt niet wenst deel te nemen op een door F4NF aangeboden alternatieve datum. F4NF is niet gehouden tot enige schadevergoeding, hoe dan ook genaamd. F4NF zal in geval van afgelasting de reeds betaalde cursusgelden zo spoedig mogelijk en volledig terug betalen.  <\/li>\n<li>Artikel 11.1 is uitsluitend van toepassing indien cli\u00ebnt de datum van de deelname nog niet heeft verschoven.<\/li>\n<li>In geval van liquidatie, faillissement of surseance van betaling van opdrachtgever zullen diens (betalings)verplichtingen onmiddellijk opeisbaar zijn en is F4NF gerechtigd de overeenkomst geheel of gedeeltelijk te ontbinden zonder dat F4NF tot enige schadevergoeding is gehouden. Eveneens zullen de (betalings)verplichtingen van opdrachtgever onmiddellijk opeisbaar worden in geval F4NF omstandigheden ter kennis komen die haar goede grond geven te vrezen dat opdrachtgever niet aan haar (betalings)verplichtingen zal (kunnen) voldoen en is F4NF gerechtigd de overeenkomst geheel of gedeeltelijk te ontbinden zonder dat F4NF tot enige schadevergoeding is gehouden.  <\/li>\n<\/ol>\n<h5><strong>Artikel 12: Prijzen<\/strong><\/h5>\n<ol>\n<li>Tenzij uitdrukkelijk anders vermeld zijn alle prijzen van F4NF in Euro exclusief omzetbelasting.<\/li>\n<li>De In Company trainingen kunnen tegen een vaste prijs dan wel vaste prijs per eenheid gefactureerd worden, waarbij in het laatste geval de daadwerkelijk gebruikte eenheden worden gefactureerd. <\/li>\n<li>Indien zich, na totstandkoming van de overeenkomst tussen F4NF en cli\u00ebnt omstandigheden, ter zake van de kostprijsfactoren, voordoen die een wijziging van de overeenkomst rechtvaardigen, is F4NF gerechtigd de prijs dienovereenkomstig te wijzigen, zonder dat dit kan leiden tot annulering van gegeven opdracht door cli\u00ebnt. Indexatie kan slechts plaatsvinden nadat zes maanden zijn verstreken sinds het sluiten van de overeenkomst. <\/li>\n<\/ol>\n<h5> <\/h5>\n<h5><strong>Artikel 13: Betaling<\/strong><\/h5>\n<ol>\n<li>Betalingen dienen binnen 30 dagen na factuurdatum doch in ieder geval voor aanvang van de training\/coaching netto en zonder aftrek of korting verricht te worden. Bij niet tijdige betaling is een wettelijke handelsrente verschuldigd vermeerderd met buitengerechtelijke incassokosten tot een beloop van 15% van het niet tijdig betaalde bedrag. Schuldvergelijk is zijdens de cli\u00ebnt nimmer toegestaan.  <\/li>\n<li>Alle kosten gemaakt door F4NF met betrekking tot de invordering van het door de cli\u00ebnt verschuldigde bedrag zijn voor rekening van de cli\u00ebnt. Deze kosten zullen minimaal 10% van de factuurwaarde bedragen. <\/li>\n<li>De door Cli\u00ebnt gedane betalingen strekken steeds in de eerste plaats ter afdoening van alle verschuldigde rente en kosten en vervolgens van opeisbare facturen die het langst openstaan, ongeacht aanwijzingen van cli\u00ebnt bij betaling.<\/li>\n<\/ol>\n<h5><strong>Artikel 14: Overmacht<\/strong><\/h5>\n<ol>\n<li>F4NF behoudt zich het recht voor om in geval van overmacht trainingen te annuleren, wijzigen, verplaatsen, dan wel te onderbreken totdat de omstandigheid die de overmacht oplevert zich niet langer voordoet.<\/li>\n<\/ol>\n<h5><strong>Artikel 15: Copyright<\/strong><\/h5>\n<ol>\n<li>De auteursrechten en \/ of andere intellectuele eigendomsrechten in verband met de trainingen of verstrekte materialen blijven eigendom van F4NF.<\/li>\n<li>Zonder voorafgaande schriftelijke toestemming is het cli\u00ebnt niet toegestaan, behalve voor persoonlijk gebruik, materiaal te gebruiken, verkopen, reproduceren of op welke andere wijze ter beschikking te stellen aan derden.<\/li>\n<li>F4NF is gehouden om vertrouwelijke kennis die zij verkrijgt van cli\u00ebnt niet elders aan te wenden, zonder vooraf schriftelijke toestemming van cli\u00ebnt.<\/li>\n<\/ol>\n<h5><strong>Artikel 16: Naam en adres gegevens<\/strong><\/h5>\n<p>Door het sluiten van de overeenkomst stemt cli\u00ebnt in dat F4NF de persoonlijke gegevens die verstrekt zijn door cli\u00ebnt opslaat en gebruikt. F4NF zal deze informatie gebruiken om cli\u00ebnt te informeren over producten en diensten en zal deze voor administratieve doeleinden en verkoop analyses gebruiken. F4NF zal de ontvangen informatie niet verstrekken aan derden. Indien cli\u00ebnt geen informatie wenst te ontvangen kan dit kenbaar gemaakt worden via info@f4nf.com.   <\/p>\n<p>[\/et_pb_text][\/et_pb_column][\/et_pb_row][\/et_pb_section]<\/p>\n","protected":false},"excerpt":{"rendered":"<p>Algemene voorwaarden van F4NF B.V. &nbsp; &nbsp; Artikel 0: Nederlandse, Engelse en Duitse versie van de algemene voorwaarden De vertaling van de algemene voorwaarden van het Nederlands naar het Engels en Duits is met de grootste zorgvuldigheid uitgevoerd. Mocht er een verschil zijn tussen de versies, dan prevaleert de Nederlandse versie boven de Engelse en [&hellip;]<\/p>\n","protected":false},"author":1,"featured_media":0,"parent":0,"menu_order":0,"comment_status":"closed","ping_status":"closed","template":"","meta":{"_et_pb_use_builder":"on","_et_pb_old_content":"","_et_gb_content_width":"","footnotes":""},"class_list":["post-2183","page","type-page","status-publish","hentry"],"yoast_head":"<!-- This site is optimized with the Yoast SEO plugin v25.5 - https:\/\/yoast.com\/wordpress\/plugins\/seo\/ -->\n<title>Algemene voorwaarden | F4NF B.V.<\/title>\n<meta name=\"robots\" content=\"index, follow, max-snippet:-1, max-image-preview:large, max-video-preview:-1\" \/>\n<link rel=\"canonical\" href=\"https:\/\/f4nf.com\/nl\/algemene-voorwaarden\/\" \/>\n<meta property=\"og:locale\" content=\"nl_NL\" \/>\n<meta property=\"og:type\" content=\"article\" \/>\n<meta property=\"og:title\" content=\"Algemene voorwaarden | F4NF B.V.\" \/>\n<meta property=\"og:description\" content=\"Algemene voorwaarden van F4NF B.V. &nbsp; &nbsp; Artikel 0: Nederlandse, Engelse en Duitse versie van de algemene voorwaarden De vertaling van de algemene voorwaarden van het Nederlands naar het Engels en Duits is met de grootste zorgvuldigheid uitgevoerd. Mocht er een verschil zijn tussen de versies, dan prevaleert de Nederlandse versie boven de Engelse en [&hellip;]\" \/>\n<meta property=\"og:url\" content=\"https:\/\/f4nf.com\/nl\/algemene-voorwaarden\/\" \/>\n<meta property=\"og:site_name\" content=\"F4NF B.V.\" \/>\n<meta property=\"article:modified_time\" content=\"2024-08-30T11:56:54+00:00\" \/>\n<meta property=\"og:image\" content=\"https:\/\/f4nf.com\/wp-content\/uploads\/2024\/09\/f4nfsiteiage.png\" \/>\n\t<meta property=\"og:image:width\" content=\"1893\" \/>\n\t<meta property=\"og:image:height\" content=\"857\" \/>\n\t<meta property=\"og:image:type\" content=\"image\/png\" \/>\n<meta name=\"twitter:card\" content=\"summary_large_image\" \/>\n<meta name=\"twitter:label1\" content=\"Geschatte leestijd\" \/>\n\t<meta name=\"twitter:data1\" content=\"10 minuten\" \/>\n<script type=\"application\/ld+json\" class=\"yoast-schema-graph\">{\"@context\":\"https:\/\/schema.org\",\"@graph\":[{\"@type\":\"WebPage\",\"@id\":\"https:\/\/f4nf.com\/nl\/algemene-voorwaarden\/\",\"url\":\"https:\/\/f4nf.com\/nl\/algemene-voorwaarden\/\",\"name\":\"Algemene voorwaarden | F4NF B.V.\",\"isPartOf\":{\"@id\":\"https:\/\/f4nf.com\/nl\/#website\"},\"datePublished\":\"2024-08-30T01:01:44+00:00\",\"dateModified\":\"2024-08-30T11:56:54+00:00\",\"breadcrumb\":{\"@id\":\"https:\/\/f4nf.com\/nl\/algemene-voorwaarden\/#breadcrumb\"},\"inLanguage\":\"nl-NL\",\"potentialAction\":[{\"@type\":\"ReadAction\",\"target\":[\"https:\/\/f4nf.com\/nl\/algemene-voorwaarden\/\"]}]},{\"@type\":\"BreadcrumbList\",\"@id\":\"https:\/\/f4nf.com\/nl\/algemene-voorwaarden\/#breadcrumb\",\"itemListElement\":[{\"@type\":\"ListItem\",\"position\":1,\"name\":\"Home\",\"item\":\"https:\/\/f4nf.com\/nl\/\"},{\"@type\":\"ListItem\",\"position\":2,\"name\":\"Algemene voorwaarden\"}]},{\"@type\":\"WebSite\",\"@id\":\"https:\/\/f4nf.com\/nl\/#website\",\"url\":\"https:\/\/f4nf.com\/nl\/\",\"name\":\"Finance for non financials e-learning F4NF\",\"description\":\"Finance for non financials e-learning\",\"publisher\":{\"@id\":\"https:\/\/f4nf.com\/nl\/#organization\"},\"alternateName\":\"F4NF finance e-learning\",\"potentialAction\":[{\"@type\":\"SearchAction\",\"target\":{\"@type\":\"EntryPoint\",\"urlTemplate\":\"https:\/\/f4nf.com\/nl\/?s={search_term_string}\"},\"query-input\":{\"@type\":\"PropertyValueSpecification\",\"valueRequired\":true,\"valueName\":\"search_term_string\"}}],\"inLanguage\":\"nl-NL\"},{\"@type\":\"Organization\",\"@id\":\"https:\/\/f4nf.com\/nl\/#organization\",\"name\":\"F4NF BV\",\"url\":\"https:\/\/f4nf.com\/nl\/\",\"logo\":{\"@type\":\"ImageObject\",\"inLanguage\":\"nl-NL\",\"@id\":\"https:\/\/f4nf.com\/nl\/#\/schema\/logo\/image\/\",\"url\":\"https:\/\/f4nf.com\/wp-content\/uploads\/2024\/08\/20240408-F4NF-Logo-BV.png\",\"contentUrl\":\"https:\/\/f4nf.com\/wp-content\/uploads\/2024\/08\/20240408-F4NF-Logo-BV.png\",\"width\":1902,\"height\":890,\"caption\":\"F4NF BV\"},\"image\":{\"@id\":\"https:\/\/f4nf.com\/nl\/#\/schema\/logo\/image\/\"},\"sameAs\":[\"https:\/\/www.linkedin.com\/company\/finance-for-non-financials\/\",\"https:\/\/www.youtube.com\/channel\/UCJv6kwIqASbE7X6wnYYDxZA\"]}]}<\/script>\n<!-- \/ Yoast SEO plugin. -->","yoast_head_json":{"title":"Algemene voorwaarden | F4NF B.V.","robots":{"index":"index","follow":"follow","max-snippet":"max-snippet:-1","max-image-preview":"max-image-preview:large","max-video-preview":"max-video-preview:-1"},"canonical":"https:\/\/f4nf.com\/nl\/algemene-voorwaarden\/","og_locale":"nl_NL","og_type":"article","og_title":"Algemene voorwaarden | F4NF B.V.","og_description":"Algemene voorwaarden van F4NF B.V. &nbsp; &nbsp; Artikel 0: Nederlandse, Engelse en Duitse versie van de algemene voorwaarden De vertaling van de algemene voorwaarden van het Nederlands naar het Engels en Duits is met de grootste zorgvuldigheid uitgevoerd. Mocht er een verschil zijn tussen de versies, dan prevaleert de Nederlandse versie boven de Engelse en [&hellip;]","og_url":"https:\/\/f4nf.com\/nl\/algemene-voorwaarden\/","og_site_name":"F4NF B.V.","article_modified_time":"2024-08-30T11:56:54+00:00","og_image":[{"width":1893,"height":857,"url":"https:\/\/f4nf.com\/wp-content\/uploads\/2024\/09\/f4nfsiteiage.png","type":"image\/png"}],"twitter_card":"summary_large_image","twitter_misc":{"Geschatte leestijd":"10 minuten"},"schema":{"@context":"https:\/\/schema.org","@graph":[{"@type":"WebPage","@id":"https:\/\/f4nf.com\/nl\/algemene-voorwaarden\/","url":"https:\/\/f4nf.com\/nl\/algemene-voorwaarden\/","name":"Algemene voorwaarden | F4NF B.V.","isPartOf":{"@id":"https:\/\/f4nf.com\/nl\/#website"},"datePublished":"2024-08-30T01:01:44+00:00","dateModified":"2024-08-30T11:56:54+00:00","breadcrumb":{"@id":"https:\/\/f4nf.com\/nl\/algemene-voorwaarden\/#breadcrumb"},"inLanguage":"nl-NL","potentialAction":[{"@type":"ReadAction","target":["https:\/\/f4nf.com\/nl\/algemene-voorwaarden\/"]}]},{"@type":"BreadcrumbList","@id":"https:\/\/f4nf.com\/nl\/algemene-voorwaarden\/#breadcrumb","itemListElement":[{"@type":"ListItem","position":1,"name":"Home","item":"https:\/\/f4nf.com\/nl\/"},{"@type":"ListItem","position":2,"name":"Algemene voorwaarden"}]},{"@type":"WebSite","@id":"https:\/\/f4nf.com\/nl\/#website","url":"https:\/\/f4nf.com\/nl\/","name":"Finance for non financials e-learning F4NF","description":"Finance for non financials e-learning","publisher":{"@id":"https:\/\/f4nf.com\/nl\/#organization"},"alternateName":"F4NF finance e-learning","potentialAction":[{"@type":"SearchAction","target":{"@type":"EntryPoint","urlTemplate":"https:\/\/f4nf.com\/nl\/?s={search_term_string}"},"query-input":{"@type":"PropertyValueSpecification","valueRequired":true,"valueName":"search_term_string"}}],"inLanguage":"nl-NL"},{"@type":"Organization","@id":"https:\/\/f4nf.com\/nl\/#organization","name":"F4NF BV","url":"https:\/\/f4nf.com\/nl\/","logo":{"@type":"ImageObject","inLanguage":"nl-NL","@id":"https:\/\/f4nf.com\/nl\/#\/schema\/logo\/image\/","url":"https:\/\/f4nf.com\/wp-content\/uploads\/2024\/08\/20240408-F4NF-Logo-BV.png","contentUrl":"https:\/\/f4nf.com\/wp-content\/uploads\/2024\/08\/20240408-F4NF-Logo-BV.png","width":1902,"height":890,"caption":"F4NF BV"},"image":{"@id":"https:\/\/f4nf.com\/nl\/#\/schema\/logo\/image\/"},"sameAs":["https:\/\/www.linkedin.com\/company\/finance-for-non-financials\/","https:\/\/www.youtube.com\/channel\/UCJv6kwIqASbE7X6wnYYDxZA"]}]}},"_links":{"self":[{"href":"https:\/\/f4nf.com\/nl\/wp-json\/wp\/v2\/pages\/2183","targetHints":{"allow":["GET"]}}],"collection":[{"href":"https:\/\/f4nf.com\/nl\/wp-json\/wp\/v2\/pages"}],"about":[{"href":"https:\/\/f4nf.com\/nl\/wp-json\/wp\/v2\/types\/page"}],"author":[{"embeddable":true,"href":"https:\/\/f4nf.com\/nl\/wp-json\/wp\/v2\/users\/1"}],"replies":[{"embeddable":true,"href":"https:\/\/f4nf.com\/nl\/wp-json\/wp\/v2\/comments?post=2183"}],"version-history":[{"count":4,"href":"https:\/\/f4nf.com\/nl\/wp-json\/wp\/v2\/pages\/2183\/revisions"}],"predecessor-version":[{"id":2188,"href":"https:\/\/f4nf.com\/nl\/wp-json\/wp\/v2\/pages\/2183\/revisions\/2188"}],"wp:attachment":[{"href":"https:\/\/f4nf.com\/nl\/wp-json\/wp\/v2\/media?parent=2183"}],"curies":[{"name":"wp","href":"https:\/\/api.w.org\/{rel}","templated":true}]}}