{"id":2893,"date":"2024-09-25T02:49:46","date_gmt":"2024-09-25T00:49:46","guid":{"rendered":"https:\/\/f4nf.com\/danke-demo\/"},"modified":"2026-01-16T16:44:29","modified_gmt":"2026-01-16T15:44:29","slug":"danke-demo","status":"publish","type":"page","link":"https:\/\/f4nf.com\/de\/danke-demo\/","title":{"rendered":"danke demo"},"content":{"rendered":"<p>[et_pb_section fb_built=&#8220;1&#8243; _builder_version=&#8220;4.27.0&#8243; _module_preset=&#8220;default&#8220; global_colors_info=&#8220;{}&#8220;][et_pb_row _builder_version=&#8220;4.27.0&#8243; _module_preset=&#8220;default&#8220; global_colors_info=&#8220;{}&#8220;][et_pb_column type=&#8220;4_4&#8243; _builder_version=&#8220;4.27.0&#8243; _module_preset=&#8220;default&#8220; global_colors_info=&#8220;{}&#8220;][et_pb_text _builder_version=&#8220;4.27.0&#8243; _module_preset=&#8220;default&#8220; global_colors_info=&#8220;{}&#8220;]<\/p>\n<h1 style=\"text-align: center;\">Vielen Dank, dass Sie sich die Zeit genommen haben, unsere Demo anzufordern!<\/h1>\n<p>&nbsp;<\/p>\n<p>Jetzt haben Sie die M\u00f6glichkeit, unseren einzigartigen Ansatz zum Geschichtenerz\u00e4hlen und Lernen selbst zu erleben und zu sehen, wie er Ihr Verst\u00e4ndnis verbessern kann \u2013 und das v\u00f6llig kostenlos.<\/p>\n<p>Viel Spa\u00df mit der Demo! Bei Fragen, Anmerkungen oder Vorschl\u00e4gen k\u00f6nnen Sie sich gerne an uns wenden. Teilen Sie die Demo auch gerne mit Freunden oder Kollegen! <\/p>\n<p>Mit freundlichen Gr\u00fc\u00dfen,<br \/>Das F4NF-Team<\/p>\n<p>&nbsp;<\/p>\n<h1 style=\"text-align: center;\">W\u00e4hlen Sie Ihre Sprache aus und starten Sie die Demo!<\/h1>\n<h1 style=\"text-align: center;\"><a href=\"https:\/\/share.articulate.com\/PlT7XrACUivDEhkclb7Ko\">Deutsch<\/a>, <a href=\"https:\/\/share.articulate.com\/DE9Bg3oEyVNfXuz_ILRoi\">Englisch<\/a>, <a href=\"https:\/\/share.articulate.com\/v9ldaazob6OfhnQrDUVfb\">Spanisch<\/a>, <a href=\"https:\/\/share.articulate.com\/8lpe9M6zzw4RQsodq0Q_9\">Niederl\u00e4ndisch<\/a><\/h1>\n<h1 style=\"text-align: center;\"><\/h1>\n<h1 style=\"text-align: center;\">Klicken Sie auf die Flagge<\/h1>\n<p>[\/et_pb_text][\/et_pb_column][\/et_pb_row][et_pb_row column_structure=&#8220;1_2,1_2&#8243; _builder_version=&#8220;4.27.0&#8243; _module_preset=&#8220;default&#8220; global_colors_info=&#8220;{}&#8220;][et_pb_column type=&#8220;1_2&#8243; _builder_version=&#8220;4.27.0&#8243; _module_preset=&#8220;default&#8220; global_colors_info=&#8220;{}&#8220;][et_pb_image src=&#8220;https:\/\/f4nf.com\/wp-content\/uploads\/2026\/01\/Engelse-vlag.png&#8220; title_text=&#8220;Englische Flagge&#8220; url=&#8220;https:\/\/share.articulate.com\/DE9Bg3oEyVNfXuz_ILRoi&#8220; _builder_version=&#8220;4.27.4&#8243; _module_preset=&#8220;default&#8220; global_colors_info=&#8220;{}&#8220;][\/et_pb_image][\/et_pb_column][et_pb_column type=&#8220;1_2&#8243; _builder_version=&#8220;4.27.0&#8243; _module_preset=&#8220;default&#8220; global_colors_info=&#8220;{}&#8220;][et_pb_image src=&#8220;https:\/\/f4nf.com\/wp-content\/uploads\/2026\/01\/Duitse-vlag.png&#8220; title_text=&#8220;Deutsche Flagge&#8220; url=&#8220;https:\/\/share.articulate.com\/PlT7XrACUivDEhkclb7Ko&#8220; _builder_version=&#8220;4.27.4&#8243; _module_preset=&#8220;default&#8220; global_colors_info=&#8220;{}&#8220;][\/et_pb_image][\/et_pb_column][\/et_pb_row][et_pb_row column_structure=&#8220;1_2,1_2&#8243; _builder_version=&#8220;4.27.0&#8243; _module_preset=&#8220;default&#8220; global_colors_info=&#8220;{}&#8220;][et_pb_column type=&#8220;1_2&#8243; _builder_version=&#8220;4.27.0&#8243; _module_preset=&#8220;default&#8220; global_colors_info=&#8220;{}&#8220;][et_pb_image src=&#8220;https:\/\/f4nf.com\/wp-content\/uploads\/2026\/01\/Spaanse-vlag.png&#8220; title_text=&#8220;Spanische Flagge&#8220; url=&#8220;https:\/\/share.articulate.com\/v9ldaazob6OfhnQrDUVfb&#8220; _builder_version=&#8220;4.27.4&#8243; _module_preset=&#8220;default&#8220; global_colors_info=&#8220;{}&#8220;][\/et_pb_image][\/et_pb_column][et_pb_column type=&#8220;1_2&#8243; _builder_version=&#8220;4.27.0&#8243; _module_preset=&#8220;default&#8220; global_colors_info=&#8220;{}&#8220;][et_pb_image src=&#8220;https:\/\/f4nf.com\/wp-content\/uploads\/2026\/01\/Nederlandse-vlag.png&#8220; title_text=&#8220;Niederl\u00e4ndische Flagge&#8220; url=&#8220;https:\/\/share.articulate.com\/8lpe9M6zzw4RQsodq0Q_9&#8243; _builder_version=&#8220;4.27.4&#8243; _module_preset=&#8220;default&#8220; global_colors_info=&#8220;{}&#8220;][\/et_pb_image][\/et_pb_column][\/et_pb_row][\/et_pb_section]<\/p>\n","protected":false},"excerpt":{"rendered":"<p>Vielen Dank, dass Sie sich die Zeit genommen haben, unsere Demo anzufordern! &nbsp; Jetzt haben Sie die M\u00f6glichkeit, unseren einzigartigen Ansatz zum Geschichtenerz\u00e4hlen und Lernen selbst zu erleben und zu sehen, wie er Ihr Verst\u00e4ndnis verbessern kann \u2013 und das v\u00f6llig kostenlos. Viel Spa\u00df mit der Demo! Bei Fragen, Anmerkungen oder Vorschl\u00e4gen k\u00f6nnen Sie sich [&hellip;]<\/p>\n","protected":false},"author":1,"featured_media":0,"parent":0,"menu_order":0,"comment_status":"closed","ping_status":"closed","template":"","meta":{"_et_pb_use_builder":"on","_et_pb_old_content":"","_et_gb_content_width":"","footnotes":""},"class_list":["post-2893","page","type-page","status-publish","hentry"],"yoast_head":"<!-- This site is optimized with the Yoast SEO plugin v25.5 - https:\/\/yoast.com\/wordpress\/plugins\/seo\/ -->\n<title>danke demo | F4NF B.V.<\/title>\n<meta name=\"robots\" content=\"index, follow, max-snippet:-1, max-image-preview:large, max-video-preview:-1\" \/>\n<link rel=\"canonical\" href=\"https:\/\/f4nf.com\/de\/danke-demo\/\" \/>\n<meta property=\"og:locale\" content=\"de_DE\" \/>\n<meta property=\"og:type\" content=\"article\" \/>\n<meta property=\"og:title\" content=\"danke demo | F4NF B.V.\" \/>\n<meta property=\"og:description\" content=\"Vielen Dank, dass Sie sich die Zeit genommen haben, unsere Demo anzufordern! &nbsp; Jetzt haben Sie die M\u00f6glichkeit, unseren einzigartigen Ansatz zum Geschichtenerz\u00e4hlen und Lernen selbst zu erleben und zu sehen, wie er Ihr Verst\u00e4ndnis verbessern kann \u2013 und das v\u00f6llig kostenlos. Viel Spa\u00df mit der Demo! Bei Fragen, Anmerkungen oder Vorschl\u00e4gen k\u00f6nnen Sie sich [&hellip;]\" \/>\n<meta property=\"og:url\" content=\"https:\/\/f4nf.com\/de\/danke-demo\/\" \/>\n<meta property=\"og:site_name\" content=\"F4NF B.V.\" \/>\n<meta property=\"article:modified_time\" content=\"2026-01-16T15:44:29+00:00\" \/>\n<meta property=\"og:image\" content=\"https:\/\/f4nf.com\/wp-content\/uploads\/2024\/09\/f4nfsiteiage.png\" \/>\n\t<meta property=\"og:image:width\" content=\"1893\" \/>\n\t<meta property=\"og:image:height\" content=\"857\" \/>\n\t<meta property=\"og:image:type\" content=\"image\/png\" \/>\n<meta name=\"twitter:card\" content=\"summary_large_image\" \/>\n<meta name=\"twitter:label1\" content=\"Gesch\u00e4tzte Lesezeit\" \/>\n\t<meta name=\"twitter:data1\" content=\"2\u00a0Minuten\" \/>\n<script type=\"application\/ld+json\" class=\"yoast-schema-graph\">{\"@context\":\"https:\/\/schema.org\",\"@graph\":[{\"@type\":\"WebPage\",\"@id\":\"https:\/\/f4nf.com\/de\/danke-demo\/\",\"url\":\"https:\/\/f4nf.com\/de\/danke-demo\/\",\"name\":\"danke demo | F4NF B.V.\",\"isPartOf\":{\"@id\":\"https:\/\/f4nf.com\/de\/#website\"},\"datePublished\":\"2024-09-25T00:49:46+00:00\",\"dateModified\":\"2026-01-16T15:44:29+00:00\",\"breadcrumb\":{\"@id\":\"https:\/\/f4nf.com\/de\/danke-demo\/#breadcrumb\"},\"inLanguage\":\"de\",\"potentialAction\":[{\"@type\":\"ReadAction\",\"target\":[\"https:\/\/f4nf.com\/de\/danke-demo\/\"]}]},{\"@type\":\"BreadcrumbList\",\"@id\":\"https:\/\/f4nf.com\/de\/danke-demo\/#breadcrumb\",\"itemListElement\":[{\"@type\":\"ListItem\",\"position\":1,\"name\":\"Home\",\"item\":\"https:\/\/f4nf.com\/de\/home\/\"},{\"@type\":\"ListItem\",\"position\":2,\"name\":\"danke demo\"}]},{\"@type\":\"WebSite\",\"@id\":\"https:\/\/f4nf.com\/de\/#website\",\"url\":\"https:\/\/f4nf.com\/de\/\",\"name\":\"Finance for non financials e-learning F4NF\",\"description\":\"Finance for non financials e-learning\",\"publisher\":{\"@id\":\"https:\/\/f4nf.com\/de\/#organization\"},\"alternateName\":\"F4NF finance e-learning\",\"potentialAction\":[{\"@type\":\"SearchAction\",\"target\":{\"@type\":\"EntryPoint\",\"urlTemplate\":\"https:\/\/f4nf.com\/de\/?s={search_term_string}\"},\"query-input\":{\"@type\":\"PropertyValueSpecification\",\"valueRequired\":true,\"valueName\":\"search_term_string\"}}],\"inLanguage\":\"de\"},{\"@type\":\"Organization\",\"@id\":\"https:\/\/f4nf.com\/de\/#organization\",\"name\":\"F4NF BV\",\"url\":\"https:\/\/f4nf.com\/de\/\",\"logo\":{\"@type\":\"ImageObject\",\"inLanguage\":\"de\",\"@id\":\"https:\/\/f4nf.com\/de\/#\/schema\/logo\/image\/\",\"url\":\"https:\/\/f4nf.com\/wp-content\/uploads\/2024\/08\/20240408-F4NF-Logo-BV.png\",\"contentUrl\":\"https:\/\/f4nf.com\/wp-content\/uploads\/2024\/08\/20240408-F4NF-Logo-BV.png\",\"width\":1902,\"height\":890,\"caption\":\"F4NF BV\"},\"image\":{\"@id\":\"https:\/\/f4nf.com\/de\/#\/schema\/logo\/image\/\"},\"sameAs\":[\"https:\/\/www.linkedin.com\/company\/finance-for-non-financials\/\",\"https:\/\/www.youtube.com\/channel\/UCJv6kwIqASbE7X6wnYYDxZA\"]}]}<\/script>\n<!-- \/ Yoast SEO plugin. -->","yoast_head_json":{"title":"danke demo | F4NF B.V.","robots":{"index":"index","follow":"follow","max-snippet":"max-snippet:-1","max-image-preview":"max-image-preview:large","max-video-preview":"max-video-preview:-1"},"canonical":"https:\/\/f4nf.com\/de\/danke-demo\/","og_locale":"de_DE","og_type":"article","og_title":"danke demo | F4NF B.V.","og_description":"Vielen Dank, dass Sie sich die Zeit genommen haben, unsere Demo anzufordern! &nbsp; Jetzt haben Sie die M\u00f6glichkeit, unseren einzigartigen Ansatz zum Geschichtenerz\u00e4hlen und Lernen selbst zu erleben und zu sehen, wie er Ihr Verst\u00e4ndnis verbessern kann \u2013 und das v\u00f6llig kostenlos. Viel Spa\u00df mit der Demo! Bei Fragen, Anmerkungen oder Vorschl\u00e4gen k\u00f6nnen Sie sich [&hellip;]","og_url":"https:\/\/f4nf.com\/de\/danke-demo\/","og_site_name":"F4NF B.V.","article_modified_time":"2026-01-16T15:44:29+00:00","og_image":[{"width":1893,"height":857,"url":"https:\/\/f4nf.com\/wp-content\/uploads\/2024\/09\/f4nfsiteiage.png","type":"image\/png"}],"twitter_card":"summary_large_image","twitter_misc":{"Gesch\u00e4tzte Lesezeit":"2\u00a0Minuten"},"schema":{"@context":"https:\/\/schema.org","@graph":[{"@type":"WebPage","@id":"https:\/\/f4nf.com\/de\/danke-demo\/","url":"https:\/\/f4nf.com\/de\/danke-demo\/","name":"danke demo | F4NF B.V.","isPartOf":{"@id":"https:\/\/f4nf.com\/de\/#website"},"datePublished":"2024-09-25T00:49:46+00:00","dateModified":"2026-01-16T15:44:29+00:00","breadcrumb":{"@id":"https:\/\/f4nf.com\/de\/danke-demo\/#breadcrumb"},"inLanguage":"de","potentialAction":[{"@type":"ReadAction","target":["https:\/\/f4nf.com\/de\/danke-demo\/"]}]},{"@type":"BreadcrumbList","@id":"https:\/\/f4nf.com\/de\/danke-demo\/#breadcrumb","itemListElement":[{"@type":"ListItem","position":1,"name":"Home","item":"https:\/\/f4nf.com\/de\/home\/"},{"@type":"ListItem","position":2,"name":"danke demo"}]},{"@type":"WebSite","@id":"https:\/\/f4nf.com\/de\/#website","url":"https:\/\/f4nf.com\/de\/","name":"Finance for non financials e-learning F4NF","description":"Finance for non financials e-learning","publisher":{"@id":"https:\/\/f4nf.com\/de\/#organization"},"alternateName":"F4NF finance e-learning","potentialAction":[{"@type":"SearchAction","target":{"@type":"EntryPoint","urlTemplate":"https:\/\/f4nf.com\/de\/?s={search_term_string}"},"query-input":{"@type":"PropertyValueSpecification","valueRequired":true,"valueName":"search_term_string"}}],"inLanguage":"de"},{"@type":"Organization","@id":"https:\/\/f4nf.com\/de\/#organization","name":"F4NF BV","url":"https:\/\/f4nf.com\/de\/","logo":{"@type":"ImageObject","inLanguage":"de","@id":"https:\/\/f4nf.com\/de\/#\/schema\/logo\/image\/","url":"https:\/\/f4nf.com\/wp-content\/uploads\/2024\/08\/20240408-F4NF-Logo-BV.png","contentUrl":"https:\/\/f4nf.com\/wp-content\/uploads\/2024\/08\/20240408-F4NF-Logo-BV.png","width":1902,"height":890,"caption":"F4NF BV"},"image":{"@id":"https:\/\/f4nf.com\/de\/#\/schema\/logo\/image\/"},"sameAs":["https:\/\/www.linkedin.com\/company\/finance-for-non-financials\/","https:\/\/www.youtube.com\/channel\/UCJv6kwIqASbE7X6wnYYDxZA"]}]}},"_links":{"self":[{"href":"https:\/\/f4nf.com\/de\/wp-json\/wp\/v2\/pages\/2893","targetHints":{"allow":["GET"]}}],"collection":[{"href":"https:\/\/f4nf.com\/de\/wp-json\/wp\/v2\/pages"}],"about":[{"href":"https:\/\/f4nf.com\/de\/wp-json\/wp\/v2\/types\/page"}],"author":[{"embeddable":true,"href":"https:\/\/f4nf.com\/de\/wp-json\/wp\/v2\/users\/1"}],"replies":[{"embeddable":true,"href":"https:\/\/f4nf.com\/de\/wp-json\/wp\/v2\/comments?post=2893"}],"version-history":[{"count":8,"href":"https:\/\/f4nf.com\/de\/wp-json\/wp\/v2\/pages\/2893\/revisions"}],"predecessor-version":[{"id":3166,"href":"https:\/\/f4nf.com\/de\/wp-json\/wp\/v2\/pages\/2893\/revisions\/3166"}],"wp:attachment":[{"href":"https:\/\/f4nf.com\/de\/wp-json\/wp\/v2\/media?parent=2893"}],"curies":[{"name":"wp","href":"https:\/\/api.w.org\/{rel}","templated":true}]}}