{"id":2203,"date":"2024-08-30T03:06:29","date_gmt":"2024-08-30T01:06:29","guid":{"rendered":"https:\/\/f4nf.com\/datenschutzerklaerung\/"},"modified":"2024-08-30T15:04:32","modified_gmt":"2024-08-30T13:04:32","slug":"datenschutzerklaerung","status":"publish","type":"page","link":"https:\/\/f4nf.com\/de\/datenschutzerklaerung\/","title":{"rendered":"Datenschutzerkl\u00e4rung"},"content":{"rendered":"<p>[et_pb_section fb_built=&#8220;1&#8243; admin_label=&#8220;section&#8220; _builder_version=&#8220;4.16&#8243; global_colors_info=&#8220;{}&#8220;][et_pb_row admin_label=&#8220;Zeile&#8220; _builder_version=&#8220;4.16&#8243; background_size=&#8220;initial&#8220; background_position=&#8220;top_left&#8220; background_repeat=&#8220;repeat&#8220; global_colors_info=&#8220;{}&#8220;][et_pb_column type=&#8220;4_4&#8243; _builder_version=&#8220;4.16&#8243; custom_padding=&#8220;|||&#8220; global_colors_info=&#8220;{}&#8220; custom_padding__hover=&#8220;|||&#8220;][et_pb_text admin_label=&#8220;Text&#8220; _builder_version=&#8220;4.16&#8243; background_size=&#8220;initial&#8220; background_position=&#8220;top_left&#8220; background_repeat=&#8220;repeat&#8220; global_colors_info=&#8220;{}&#8220;]<\/p>\n<h5><strong>Datenschutzerkl\u00e4rung F4NF B.V. <\/strong> <\/h5>\n<p>F4NF B.V. legt gro\u00dfen Wert auf Ihre Privatsph\u00e4re. Wir werden Ihre Daten in \u00dcbereinstimmung mit der Allgemeinen Datenschutzverordnung (DSGVO) sicher verarbeiten und nutzen. In dieser Datenschutzerkl\u00e4rung erkl\u00e4ren wir, welche Daten wir von Ihnen erheben und warum wir dies tun. Sie k\u00f6nnen auch nachlesen, welche Rechte Sie in Bezug auf diese Verarbeitung haben. Bei Fragen zu Ihrer Privatsph\u00e4re k\u00f6nnen Sie uns unter <a href=\"mailto:info@f4nf.com\">info@f4nf.com<\/a> kontaktieren. Wenn wir Ihre Daten au\u00dferhalb der EU verarbeiten, sorgen wir f\u00fcr geeignete (Sicherheits-)Ma\u00dfnahmen.     <\/p>\n<h5><strong>Artikel 0: Niederl\u00e4ndische, deutsch und englische Version der allgemeinen Gesch\u00e4ftsbedingungen<\/strong><\/h5>\n<p>Die \u00dcbersetzung der allgemeinen Gesch\u00e4ftsbedingungen aus dem Niederl\u00e4ndischen ins Deutsche wurde mit gr\u00f6\u00dfter Sorgfalt durchgef\u00fchrt. Sollte es einen Unterschied zwischen den beiden Versionen geben, hat die niederl\u00e4ndische Version Vorrang vor der deutschen Version. <\/p>\n<h5><strong>Artikel 1 Wer sind wir?<\/strong><\/h5>\n<p>F4NF B.V. hat seinen Sitz in (5941 EE) Velden an der Molendijk 43, Niederlande. Wir sind im Handelsregister der Handelskammer unter der Nummer 93648138 eingetragen. Wir sind der f\u00fcr die Verarbeitung Ihrer personenbezogenen Daten Verantwortliche.  <\/p>\n<h5><strong>Artikel 2 Welche Daten verwenden wir?<\/strong><\/h5>\n<p>Hier finden Sie eine \u00dcbersicht \u00fcber die Daten, die wir von Ihnen verarbeiten, warum wir dies tun, auf welcher rechtlichen Grundlage wir diese Daten verarbeiten d\u00fcrfen und wie lange wir diese Daten aufbewahren werden.<\/p>\n<p>Wir verarbeiten Ihren Namen, Adresse, Wohnort, Geburtsdatum, Telefonnummer, E-Mail, Website, Unternehmensdaten und andere Daten, die erforderlich sind, um unsere Dienstleistungen optimal f\u00fcr Sie zu erbringen und die Erf\u00fcllung des Vertrags zu erm\u00f6glichen. Dazu geh\u00f6ren auch die Finanzdaten des Monatsberichts, mit dem Sie uns arbeiten lassen m\u00f6chten. Wir verwenden diese Daten, um Sie w\u00e4hrend der Laufzeit unseres Vertrags zu einem zufriedenen Kunden zu machen. Wir bewahren diese Daten bis zu einem Jahr nach Vertragsende auf. Ihre Anmeldedaten werden wir innerhalb von zwei Monaten nach Erf\u00fcllung unseres Auftrags l\u00f6schen.    <\/p>\n<p>Um Ihre Bestellung zu verwalten, speichern wir Ihren Namen, Lieferadresse, Rechnungsadresse, E-Mail, Telefonnummer, Kaufhistorie und Zahlungsdaten bis zu sieben Jahre nach Vertragsende in unserer Kundenkartei. Dies geschieht im Rahmen der Erf\u00fcllung und eventuellen \u00c4nderung des Vertrags. <\/p>\n<p>Wir halten es f\u00fcr wichtig, die Beziehung zu Ihnen als Kunde gut zu pflegen. Deshalb speichern wir in unserem CRM-System Ihren Namen, Geburtsdatum, Adresse, Wohnort, Profilfoto, Website, Telefonnummer, E-Mail, Korrespondenz, Unternehmensdaten und Vertr\u00e4ge. Sie haben zugestimmt, indem Sie eine Vereinbarung mit uns getroffen haben. Wir werden diese Daten bis zu einem Jahr nach dem letzten Rechnungsdatum aufbewahren.   <\/p>\n<p>F\u00fcr Rechnungsstellung und Finanzbuchhaltung verarbeiten wir Ihren Namen oder den Ihres Ansprechpartners, Firmenname, Rechnungsadresse, Handelsregisternummer, Umsatzsteuer-Identifikationsnummer, Bestelldaten, Bankdaten und offenen Saldo. Ohne diese Daten k\u00f6nnen wir Ihre Zahlung nicht verarbeiten. Diese Daten sind daher f\u00fcr die Erf\u00fcllung des Vertrags erforderlich. Nach einer gesetzlichen Verpflichtung der Steuerbeh\u00f6rde m\u00fcssen wir diese Daten sieben Jahre lang aufbewahren.   <\/p>\n<p>Sollten Sie eine Beschwerde \u00fcber unsere Dienstleistungen haben, werden wir Ihren Namen, E-Mail, Telefonnummer, Bestellnummer und den Inhalt der Beschwerde verarbeiten, um eine bestm\u00f6gliche L\u00f6sung f\u00fcr Sie zu finden. Diese Daten verwenden wir f\u00fcr die optimale Erf\u00fcllung des Vertrags. Wir werden die Daten im Zusammenhang mit der Beschwerde ein Jahr nach der Abwicklung l\u00f6schen.  <\/p>\n<p>Office Support etc. hat ein kommerzielles Interesse daran, einige Ihrer personenbezogenen Daten f\u00fcr Marketingzwecke zu verwenden. Wir verarbeiten Ihren Vor- und Nachnamen, E-Mail, IP-Adresse und Social-Media-Konto f\u00fcr Direktmarketing und Social-Media-Marketing. Wir werden diese Daten l\u00f6schen, sobald Sie sich von unserem Newsletter abmelden oder angeben, nicht mehr von uns kontaktiert werden zu wollen.  <\/p>\n<p>Um diese Website zu erm\u00f6glichen und zu optimieren, verwenden wir Analysen- und Retargeting-Dienste. Wir haben ein kommerzielles Interesse daran, Ihr Surfverhalten und die damit verbundenen Daten zu verwenden, um unseren Service zu analysieren und gegebenenfalls zu verbessern. Wir werden Ihre Nutzung unserer Website mit Google Analytics und einem Facebook-Pixel tracken und sind dabei an die Aufbewahrungsfristen von Google gebunden.  <\/p>\n<p>Diese Analysedienste verwenden Cookies. Cookies sind kleine Informationsst\u00fccke, die beim Besuch dieser Website an Ihren Browser gesendet und anschlie\u00dfend auf der Festplatte oder im Speicher des Ger\u00e4ts, mit dem Sie unsere Website besuchen, gespeichert werden. Diese Cookies werden Ihre Ger\u00e4te nicht besch\u00e4digen.  <\/p>\n<p>Um das Verfassen von Bewertungen \u00fcber unsere Dienstleistungen zu erm\u00f6glichen, verarbeiten wir Ihren Namen und den Inhalt Ihrer Nachricht. Wenn Sie \u00fcber die Website Kontakt mit uns aufnehmen m\u00f6chten, fragen wir nach Ihrem Namen, Ihrer E-Mail-Adresse und Telefonnummer. Mit dem Verfassen Ihrer Nachricht oder dem Absenden des Kontaktformulars werden diese Daten f\u00fcr uns sichtbar. Wir k\u00f6nnen Bewertungen \u00fcber unsere Dienstleistungen aus kommerziellem Interesse auf unserer Website ver\u00f6ffentlichen und werden diese sp\u00e4testens nach drei Jahren l\u00f6schen. Die Daten eines abgeschickten Kontaktformulars l\u00f6schen wir, sobald die Kontaktanfrage abgeschlossen ist, es sei denn, daraus resultiert ein Vertrag.    <\/p>\n<p>Wir verarbeiten Ihren Namen, Benutzernamen, E-Mail, Avatar und den Inhalt Ihrer Nachricht, wenn Sie auf unsere Artikel oder Nachrichten antworten m\u00f6chten. Diese Daten werden automatisch sichtbar und wir werden sie aufbewahren, bis Sie Ihre Antwort l\u00f6schen oder wir unsere Nachricht l\u00f6schen. <\/p>\n<p>Schlie\u00dflich verarbeiten wir Ihre Gewohnheiten, Lebensstil, soziale Kontakte, Reiseverhalten und andere Probleme, mit denen Sie konfrontiert sind. Diese Daten verwenden wir gegebenenfalls f\u00fcr Marktforschung. Diese Daten l\u00f6schen wir sp\u00e4testens ein Jahr nach Abschluss der Untersuchung.  <\/p>\n<h5><strong>Artikel 3 Wie erhalten wir diese Daten?<\/strong><\/h5>\n<p>Die oben genannten Daten haben wir von Ihnen als Kunde, Ansprechpartner oder Websitebesucher erhalten, weil Sie uns diese Daten zur Verf\u00fcgung gestellt haben. Dar\u00fcber hinaus kann es sein, dass wir einige Daten \u00fcber Sie als Person verarbeiten, zu denen wir \u00fcber unsere Kunden Zugang haben, um ihnen bei der F\u00fchrung ihres Unternehmens zu helfen. <\/p>\n<p>Wir stellen unseren Auftraggebern eine Vereinbarung zur Auftragsverarbeitung zur Verf\u00fcgung, in der wir darlegen, wie wir Ihre personenbezogenen Daten sch\u00fctzen.<\/p>\n<p>Schlie\u00dflich k\u00f6nnten wir Ihre Daten als Reseller von ActiveCampaign erhalten haben.<\/p>\n<h5><strong>Artikel 4 Welche Rechte haben Sie in Bezug auf diese Daten?<\/strong><\/h5>\n<p>Die Allgemeine Datenschutzverordnung (DSGVO) gew\u00e4hrt Ihnen bestimmte Rechte in Bezug auf die personenbezogenen Daten, die Sie uns zur Verarbeitung \u00fcberlassen haben.<\/p>\n<p>Auskunft \u2013 Sie k\u00f6nnen jederzeit eine Anfrage an F4NF B.V. stellen, um Ihre Daten einzusehen.<\/p>\n<p>Berichtigung \u2013 Wenn Sie Ihre Daten auf Basis der Einsicht \u00e4ndern, verbessern, erg\u00e4nzen, sperren oder l\u00f6schen lassen m\u00f6chten, k\u00f6nnen Sie dies beantragen. Sie k\u00f6nnen auch selbst einige Daten in Ihrem pers\u00f6nlichen Konto \u00e4ndern. <\/p>\n<p>Widerspruch \u2013 Sie k\u00f6nnen gegen die Verarbeitung Ihrer Daten Einspruch erheben.<\/p>\n<p>Daten\u00fcbertragung \u2013 Sollten Sie Ihre Daten an einen anderen Anbieter \u00fcbertragen lassen wollen, stellen wir Ihnen die Daten in einer strukturierten und g\u00e4ngigen Form zur Verf\u00fcgung, die von \u00fcblichen digitalen Systemen ge\u00f6ffnet werden kann.<\/p>\n<p>Widerruf \u2013 Wenn wir Daten auf der Grundlage Ihrer ausdr\u00fccklichen Zustimmung verarbeitet haben, haben Sie das Recht, diese Zustimmung zu widerrufen. Dies kann jedoch Auswirkungen auf die von uns erbrachten Dienstleistungen haben. <\/p>\n<p>Um Ihre Rechte auszu\u00fcben, k\u00f6nnen Sie eine Anfrage an info@f4nf.com senden. Wir werden Ihre Anfrage so schnell wie m\u00f6glich pr\u00fcfen. Wenn wir Ihrer Anfrage nicht nachkommen k\u00f6nnen, werden wir Ihnen mitteilen, warum wir Ihre Anfrage ablehnen.  <\/p>\n<h5><strong>Artikel 5 Wer erh\u00e4lt Ihre Daten?<\/strong><\/h5>\n<p>F4NF B.V. wird Ihre Daten nicht an Dritte weitergeben, es sei denn, dies ist f\u00fcr die Gesch\u00e4ftsabwicklung erforderlich oder gesetzlich vorgeschrieben. Ihre Daten k\u00f6nnen zur Erf\u00fcllung des Vertrags an Auftragsverarbeiter und externe Berater weitergegeben werden. Wir schlie\u00dfen mit diesen Dritten Vereinbarungen zur Auftragsverarbeitung, um Ihre Privatsph\u00e4re optimal zu sch\u00fctzen. Wir werden Ihre Daten nicht an Dritte verkaufen.   <\/p>\n<h5><strong>Artikel 6 Schlussbestimmungen<\/strong><\/h5>\n<p>Wir empfehlen Ihnen, diese Datenschutzerkl\u00e4rung regelm\u00e4\u00dfig zu konsultieren, da wir \u00c4nderungen an der Richtlinie vornehmen k\u00f6nnen. Wenn Sie Fragen zu dieser Erkl\u00e4rung oder zur Verwendung Ihrer Daten haben, k\u00f6nnen Sie eine E-Mail an <a href=\"mailto:info@f4nf.com\">info@f4nf.com<\/a> senden. Wenn Sie eine Beschwerde dar\u00fcber haben, wie wir mit Ihren Daten umgehen, k\u00f6nnen Sie uns dies ebenfalls mitteilen. Sie k\u00f6nnen auch Kontakt mit der Datenschutzbeh\u00f6rde aufnehmen.   <\/p>\n<p>[\/et_pb_text][\/et_pb_column][\/et_pb_row][\/et_pb_section]<\/p>\n","protected":false},"excerpt":{"rendered":"<p>Datenschutzerkl\u00e4rung F4NF B.V. F4NF B.V. legt gro\u00dfen Wert auf Ihre Privatsph\u00e4re. Wir werden Ihre Daten in \u00dcbereinstimmung mit der Allgemeinen Datenschutzverordnung (DSGVO) sicher verarbeiten und nutzen. In dieser Datenschutzerkl\u00e4rung erkl\u00e4ren wir, welche Daten wir von Ihnen erheben und warum wir dies tun. Sie k\u00f6nnen auch nachlesen, welche Rechte Sie in Bezug auf diese Verarbeitung haben. [&hellip;]<\/p>\n","protected":false},"author":1,"featured_media":0,"parent":0,"menu_order":0,"comment_status":"closed","ping_status":"closed","template":"","meta":{"_et_pb_use_builder":"on","_et_pb_old_content":"","_et_gb_content_width":"","footnotes":""},"class_list":["post-2203","page","type-page","status-publish","hentry"],"yoast_head":"<!-- This site is optimized with the Yoast SEO plugin v25.5 - https:\/\/yoast.com\/wordpress\/plugins\/seo\/ -->\n<title>Datenschutzerkl\u00e4rung | F4NF B.V.<\/title>\n<meta name=\"robots\" content=\"index, follow, max-snippet:-1, max-image-preview:large, max-video-preview:-1\" \/>\n<link rel=\"canonical\" href=\"https:\/\/f4nf.com\/de\/datenschutzerklaerung\/\" \/>\n<meta property=\"og:locale\" content=\"de_DE\" \/>\n<meta property=\"og:type\" content=\"article\" \/>\n<meta property=\"og:title\" content=\"Datenschutzerkl\u00e4rung | F4NF B.V.\" \/>\n<meta property=\"og:description\" content=\"Datenschutzerkl\u00e4rung F4NF B.V. F4NF B.V. legt gro\u00dfen Wert auf Ihre Privatsph\u00e4re. Wir werden Ihre Daten in \u00dcbereinstimmung mit der Allgemeinen Datenschutzverordnung (DSGVO) sicher verarbeiten und nutzen. In dieser Datenschutzerkl\u00e4rung erkl\u00e4ren wir, welche Daten wir von Ihnen erheben und warum wir dies tun. Sie k\u00f6nnen auch nachlesen, welche Rechte Sie in Bezug auf diese Verarbeitung haben. [&hellip;]\" \/>\n<meta property=\"og:url\" content=\"https:\/\/f4nf.com\/de\/datenschutzerklaerung\/\" \/>\n<meta property=\"og:site_name\" content=\"F4NF B.V.\" \/>\n<meta property=\"article:modified_time\" content=\"2024-08-30T13:04:32+00:00\" \/>\n<meta property=\"og:image\" content=\"https:\/\/f4nf.com\/wp-content\/uploads\/2024\/09\/f4nfsiteiage.png\" \/>\n\t<meta property=\"og:image:width\" content=\"1893\" \/>\n\t<meta property=\"og:image:height\" content=\"857\" \/>\n\t<meta property=\"og:image:type\" content=\"image\/png\" \/>\n<meta name=\"twitter:card\" content=\"summary_large_image\" \/>\n<meta name=\"twitter:label1\" content=\"Gesch\u00e4tzte Lesezeit\" \/>\n\t<meta name=\"twitter:data1\" content=\"7\u00a0Minuten\" \/>\n<script type=\"application\/ld+json\" class=\"yoast-schema-graph\">{\"@context\":\"https:\/\/schema.org\",\"@graph\":[{\"@type\":\"WebPage\",\"@id\":\"https:\/\/f4nf.com\/de\/datenschutzerklaerung\/\",\"url\":\"https:\/\/f4nf.com\/de\/datenschutzerklaerung\/\",\"name\":\"Datenschutzerkl\u00e4rung | F4NF B.V.\",\"isPartOf\":{\"@id\":\"https:\/\/f4nf.com\/de\/#website\"},\"datePublished\":\"2024-08-30T01:06:29+00:00\",\"dateModified\":\"2024-08-30T13:04:32+00:00\",\"breadcrumb\":{\"@id\":\"https:\/\/f4nf.com\/de\/datenschutzerklaerung\/#breadcrumb\"},\"inLanguage\":\"de\",\"potentialAction\":[{\"@type\":\"ReadAction\",\"target\":[\"https:\/\/f4nf.com\/de\/datenschutzerklaerung\/\"]}]},{\"@type\":\"BreadcrumbList\",\"@id\":\"https:\/\/f4nf.com\/de\/datenschutzerklaerung\/#breadcrumb\",\"itemListElement\":[{\"@type\":\"ListItem\",\"position\":1,\"name\":\"Home\",\"item\":\"https:\/\/f4nf.com\/de\/home\/\"},{\"@type\":\"ListItem\",\"position\":2,\"name\":\"Datenschutzerkl\u00e4rung\"}]},{\"@type\":\"WebSite\",\"@id\":\"https:\/\/f4nf.com\/de\/#website\",\"url\":\"https:\/\/f4nf.com\/de\/\",\"name\":\"Finance for non financials e-learning F4NF\",\"description\":\"Finance for non financials e-learning\",\"publisher\":{\"@id\":\"https:\/\/f4nf.com\/de\/#organization\"},\"alternateName\":\"F4NF finance e-learning\",\"potentialAction\":[{\"@type\":\"SearchAction\",\"target\":{\"@type\":\"EntryPoint\",\"urlTemplate\":\"https:\/\/f4nf.com\/de\/?s={search_term_string}\"},\"query-input\":{\"@type\":\"PropertyValueSpecification\",\"valueRequired\":true,\"valueName\":\"search_term_string\"}}],\"inLanguage\":\"de\"},{\"@type\":\"Organization\",\"@id\":\"https:\/\/f4nf.com\/de\/#organization\",\"name\":\"F4NF BV\",\"url\":\"https:\/\/f4nf.com\/de\/\",\"logo\":{\"@type\":\"ImageObject\",\"inLanguage\":\"de\",\"@id\":\"https:\/\/f4nf.com\/de\/#\/schema\/logo\/image\/\",\"url\":\"https:\/\/f4nf.com\/wp-content\/uploads\/2024\/08\/20240408-F4NF-Logo-BV.png\",\"contentUrl\":\"https:\/\/f4nf.com\/wp-content\/uploads\/2024\/08\/20240408-F4NF-Logo-BV.png\",\"width\":1902,\"height\":890,\"caption\":\"F4NF BV\"},\"image\":{\"@id\":\"https:\/\/f4nf.com\/de\/#\/schema\/logo\/image\/\"},\"sameAs\":[\"https:\/\/www.linkedin.com\/company\/finance-for-non-financials\/\",\"https:\/\/www.youtube.com\/channel\/UCJv6kwIqASbE7X6wnYYDxZA\"]}]}<\/script>\n<!-- \/ Yoast SEO plugin. -->","yoast_head_json":{"title":"Datenschutzerkl\u00e4rung | F4NF B.V.","robots":{"index":"index","follow":"follow","max-snippet":"max-snippet:-1","max-image-preview":"max-image-preview:large","max-video-preview":"max-video-preview:-1"},"canonical":"https:\/\/f4nf.com\/de\/datenschutzerklaerung\/","og_locale":"de_DE","og_type":"article","og_title":"Datenschutzerkl\u00e4rung | F4NF B.V.","og_description":"Datenschutzerkl\u00e4rung F4NF B.V. F4NF B.V. legt gro\u00dfen Wert auf Ihre Privatsph\u00e4re. Wir werden Ihre Daten in \u00dcbereinstimmung mit der Allgemeinen Datenschutzverordnung (DSGVO) sicher verarbeiten und nutzen. In dieser Datenschutzerkl\u00e4rung erkl\u00e4ren wir, welche Daten wir von Ihnen erheben und warum wir dies tun. Sie k\u00f6nnen auch nachlesen, welche Rechte Sie in Bezug auf diese Verarbeitung haben. [&hellip;]","og_url":"https:\/\/f4nf.com\/de\/datenschutzerklaerung\/","og_site_name":"F4NF B.V.","article_modified_time":"2024-08-30T13:04:32+00:00","og_image":[{"width":1893,"height":857,"url":"https:\/\/f4nf.com\/wp-content\/uploads\/2024\/09\/f4nfsiteiage.png","type":"image\/png"}],"twitter_card":"summary_large_image","twitter_misc":{"Gesch\u00e4tzte Lesezeit":"7\u00a0Minuten"},"schema":{"@context":"https:\/\/schema.org","@graph":[{"@type":"WebPage","@id":"https:\/\/f4nf.com\/de\/datenschutzerklaerung\/","url":"https:\/\/f4nf.com\/de\/datenschutzerklaerung\/","name":"Datenschutzerkl\u00e4rung | F4NF B.V.","isPartOf":{"@id":"https:\/\/f4nf.com\/de\/#website"},"datePublished":"2024-08-30T01:06:29+00:00","dateModified":"2024-08-30T13:04:32+00:00","breadcrumb":{"@id":"https:\/\/f4nf.com\/de\/datenschutzerklaerung\/#breadcrumb"},"inLanguage":"de","potentialAction":[{"@type":"ReadAction","target":["https:\/\/f4nf.com\/de\/datenschutzerklaerung\/"]}]},{"@type":"BreadcrumbList","@id":"https:\/\/f4nf.com\/de\/datenschutzerklaerung\/#breadcrumb","itemListElement":[{"@type":"ListItem","position":1,"name":"Home","item":"https:\/\/f4nf.com\/de\/home\/"},{"@type":"ListItem","position":2,"name":"Datenschutzerkl\u00e4rung"}]},{"@type":"WebSite","@id":"https:\/\/f4nf.com\/de\/#website","url":"https:\/\/f4nf.com\/de\/","name":"Finance for non financials e-learning F4NF","description":"Finance for non financials e-learning","publisher":{"@id":"https:\/\/f4nf.com\/de\/#organization"},"alternateName":"F4NF finance e-learning","potentialAction":[{"@type":"SearchAction","target":{"@type":"EntryPoint","urlTemplate":"https:\/\/f4nf.com\/de\/?s={search_term_string}"},"query-input":{"@type":"PropertyValueSpecification","valueRequired":true,"valueName":"search_term_string"}}],"inLanguage":"de"},{"@type":"Organization","@id":"https:\/\/f4nf.com\/de\/#organization","name":"F4NF BV","url":"https:\/\/f4nf.com\/de\/","logo":{"@type":"ImageObject","inLanguage":"de","@id":"https:\/\/f4nf.com\/de\/#\/schema\/logo\/image\/","url":"https:\/\/f4nf.com\/wp-content\/uploads\/2024\/08\/20240408-F4NF-Logo-BV.png","contentUrl":"https:\/\/f4nf.com\/wp-content\/uploads\/2024\/08\/20240408-F4NF-Logo-BV.png","width":1902,"height":890,"caption":"F4NF BV"},"image":{"@id":"https:\/\/f4nf.com\/de\/#\/schema\/logo\/image\/"},"sameAs":["https:\/\/www.linkedin.com\/company\/finance-for-non-financials\/","https:\/\/www.youtube.com\/channel\/UCJv6kwIqASbE7X6wnYYDxZA"]}]}},"_links":{"self":[{"href":"https:\/\/f4nf.com\/de\/wp-json\/wp\/v2\/pages\/2203","targetHints":{"allow":["GET"]}}],"collection":[{"href":"https:\/\/f4nf.com\/de\/wp-json\/wp\/v2\/pages"}],"about":[{"href":"https:\/\/f4nf.com\/de\/wp-json\/wp\/v2\/types\/page"}],"author":[{"embeddable":true,"href":"https:\/\/f4nf.com\/de\/wp-json\/wp\/v2\/users\/1"}],"replies":[{"embeddable":true,"href":"https:\/\/f4nf.com\/de\/wp-json\/wp\/v2\/comments?post=2203"}],"version-history":[{"count":2,"href":"https:\/\/f4nf.com\/de\/wp-json\/wp\/v2\/pages\/2203\/revisions"}],"predecessor-version":[{"id":2205,"href":"https:\/\/f4nf.com\/de\/wp-json\/wp\/v2\/pages\/2203\/revisions\/2205"}],"wp:attachment":[{"href":"https:\/\/f4nf.com\/de\/wp-json\/wp\/v2\/media?parent=2203"}],"curies":[{"name":"wp","href":"https:\/\/api.w.org\/{rel}","templated":true}]}}