{"id":2189,"date":"2024-08-30T03:01:44","date_gmt":"2024-08-30T01:01:44","guid":{"rendered":"https:\/\/f4nf.com\/allgemeine-geschaeftsbedingungen\/"},"modified":"2024-08-30T14:24:09","modified_gmt":"2024-08-30T12:24:09","slug":"allgemeine-geschaeftsbedingungen","status":"publish","type":"page","link":"https:\/\/f4nf.com\/de\/allgemeine-geschaeftsbedingungen\/","title":{"rendered":"Allgemeine Gesch\u00e4ftsbedingungen"},"content":{"rendered":"<p>[et_pb_section fb_built=&#8220;1&#8243; admin_label=&#8220;section&#8220; _builder_version=&#8220;4.16&#8243; global_colors_info=&#8220;{}&#8220;][et_pb_row admin_label=&#8220;Zeile&#8220; _builder_version=&#8220;4.16&#8243; background_size=&#8220;initial&#8220; background_position=&#8220;top_left&#8220; background_repeat=&#8220;repeat&#8220; global_colors_info=&#8220;{}&#8220;][et_pb_column type=&#8220;4_4&#8243; _builder_version=&#8220;4.16&#8243; custom_padding=&#8220;|||&#8220; global_colors_info=&#8220;{}&#8220; custom_padding__hover=&#8220;|||&#8220;][et_pb_text admin_label=&#8220;Text&#8220; _builder_version=&#8220;4.27.0&#8243; background_size=&#8220;initial&#8220; background_position=&#8220;top_left&#8220; background_repeat=&#8220;repeat&#8220; hover_enabled=&#8220;0&#8243; global_colors_info=&#8220;{}&#8220; sticky_enabled=&#8220;0&#8243;]<\/p>\n<h1>Allgemeine Gesch\u00e4ftsbedingungen von F4NF B.V.<\/h1>\n<p>&nbsp;<\/p>\n<p>&nbsp;<\/p>\n<h5><strong>Artikel 0: Niederl\u00e4ndische, englische und deutsche Version der allgemeinen Gesch\u00e4ftsbedingungen<\/strong><\/h5>\n<p>Die \u00dcbersetzung der allgemeinen Gesch\u00e4ftsbedingungen vom Niederl\u00e4ndischen ins Englische und Deutsche wurde mit gr\u00f6\u00dfter Sorgfalt durchgef\u00fchrt. Sollte es einen Unterschied zwischen den Versionen geben, hat die niederl\u00e4ndische Version Vorrang vor der englischen und deutschen Version. <\/p>\n<h5><strong>Artikel 1: Definitionen<\/strong><\/h5>\n<p>In diesen allgemeinen Gesch\u00e4ftsbedingungen wird verstanden unter:<\/p>\n<ol>\n<li>F4NF: F4NF B.V., ans\u00e4ssig in Molendijk 43A, 5941 EE Velden Niederlande, eingetragen bei der Handelskammer Venlo unter der Nummer 93648138.<\/li>\n<li>Kunde: Nat\u00fcrliche oder juristische Person, die eine Vereinbarung mit F4NF eingegangen ist oder eingehen m\u00f6chte.<\/li>\n<li>E-Learning: Modul, bei dem ein Kunde ohne Vermittlung Dritter Zugang zu einem spezifischen Teil der Website von F4NF erh\u00e4lt, dessen Inhalt von F4NF bestimmt wird.<\/li>\n<li>Offene Anmeldung: Modul, f\u00fcr das sich ein Kunde ohne Vermittlung Dritter frei anmelden kann, das von oder unter der Schirmherrschaft von F4NF organisiert wird und dessen Inhalt von F4NF bestimmt wird.<\/li>\n<li>Coaching: Individuelle Betreuung, bei der F4NF in Absprache mit dem Kunden den Inhalt der Arbeit festlegt.<\/li>\n<li>In-Company: Schulung, bei der F4NF in Absprache mit dem Kunden den Inhalt der Arbeit festlegt.<\/li>\n<li>Verschiebung: Die einmalige M\u00f6glichkeit des Kunden, das Modul zu einem anderen Zeitpunkt zu besuchen, als f\u00fcr das er sich angemeldet hat.<\/li>\n<li>Vermittler: Nat\u00fcrliche oder juristische Person, die eine Vereinbarung zwischen dem Kunden und F4NF zustande gebracht hat.<\/li>\n<\/ol>\n<h5><strong>Artikel 2: Anwendbare Bedingungen<\/strong><\/h5>\n<ol>\n<li>Diese allgemeinen Lieferbedingungen gelten f\u00fcr alle mit F4NF geschlossenen Vertr\u00e4ge, sofern nicht ausdr\u00fccklich schriftlich etwas anderes vereinbart wurde.<\/li>\n<li>Die Anwendbarkeit von vom Kunden verwendeten Bedingungen oder Bestimmungen wird von F4NF ausdr\u00fccklich ausgeschlossen.<\/li>\n<li>Durch das Anfordern eines Angebots, die Anmeldung bei einer offenen Anmeldung oder den Abschluss eines Vertrages akzeptiert der Kunde unwiderruflich die allgemeinen Gesch\u00e4ftsbedingungen von F4NF und erkl\u00e4rt, mit deren Inhalt und Bedeutung vertraut zu sein.<\/li>\n<\/ol>\n<h5><strong>Artikel 3: Umfang der Verpflichtungen<\/strong><\/h5>\n<ol>\n<li>Vereinbarungen mit F4NF f\u00fchren zu einer Verpflichtung zur Leistungserbringung, nicht zu einer Ergebnisverpflichtung.<\/li>\n<li>Wenn F4NF f\u00fcr die Ausf\u00fchrung der Arbeiten von Informationen oder Mitarbeit des Kunden abh\u00e4ngig ist, ist F4NF von ihren Verpflichtungen entbunden, wenn der Kunde die Informationen nicht rechtzeitig bereitstellt oder seine Mitarbeit nicht gew\u00e4hrt.<\/li>\n<\/ol>\n<h5><strong>Artikel 4: Angebot<\/strong><\/h5>\n<ol>\n<li>Angebote sind f\u00fcr F4NF unverbindlich und dienen ausschlie\u00dflich der Abgabe eines Angebots.<\/li>\n<li>Ein Vertrag kommt durch schriftliche Best\u00e4tigung durch F4NF zustande oder in dem Moment, in dem F4NF mit der Ausf\u00fchrung des entsprechenden Angebots begonnen hat.<\/li>\n<\/ol>\n<h5><strong>Artikel 5: Vertrag<\/strong><\/h5>\n<ol>\n<li>Der Vertrag zwischen F4NF und dem Kunden kommt erst zustande, nachdem dieser schriftlich oder elektronisch von F4NF best\u00e4tigt wurde.<\/li>\n<li>Wenn der Kunde nach Abschluss des Vertrages eine \u00c4nderung verlangt, die keine (teilweise) Stornierung darstellt, wird dies von F4NF nach billigem Ermessen akzeptiert. \u00c4nderungen erfolgen ausschlie\u00dflich schriftlich, wobei Artikel 3 gilt. <\/li>\n<li>Bei offener Anmeldung erkl\u00e4rt der Kunde, \u00fcber die erforderlichen Vorkenntnisse informiert zu sein und die Anforderungen zu erf\u00fcllen. Wenn der Kunde den \u00fcblichen Ablauf erheblich behindert, kann F4NF den Kunden von der weiteren Teilnahme ausschlie\u00dfen. Die Zahlungspflichten des Kunden bleiben in einem solchen Fall uneingeschr\u00e4nkt in Kraft.  <\/li>\n<li>Bei offenen Anmeldungen ist die Vertretung durch eine andere nat\u00fcrliche Person immer m\u00f6glich, sofern F4NF hiervon vorab schriftlich oder elektronisch informiert wird.<\/li>\n<\/ol>\n<h5><strong>Artikel 6: Reklamationen<\/strong><\/h5>\n<ol>\n<li>Etwaige Beschwerden im Zusammenhang mit den Arbeiten von F4NF m\u00fcssen innerhalb von 8 Werktagen nach Ausf\u00fchrung schriftlich per Einschreiben bei F4NF eingereicht werden.<\/li>\n<li>Reklamationen setzen die Zahlungspflicht des Kunden nicht aus.<\/li>\n<li>Wenn F4NF der Meinung ist, dass eine Beschwerde begr\u00fcndet ist, ist F4NF nur verpflichtet, eine in gegenseitigem Einvernehmen zu bestimmende Erm\u00e4\u00dfigung zu gew\u00e4hren oder eine Ersatzlieferung vorzunehmen.<\/li>\n<\/ol>\n<h5><strong>Artikel 7: Haftung<\/strong><\/h5>\n<ol>\n<li>Die Entwicklung, Organisation und Durchf\u00fchrung der Schulungen und Beratung erfolgt von F4NF mit gr\u00f6\u00dftm\u00f6glicher Sorgfalt. F4NF kann keine Gew\u00e4hr f\u00fcr Unrichtigkeiten oder Unvollst\u00e4ndigkeiten im Material oder in der Beratung \u00fcbernehmen und daher keinerlei Haftung \u00fcbernehmen. <\/li>\n<li>Die Teilnahme an Schulungen und Beratung erfolgt auf eigenes Risiko des Kunden, und F4NF kann daher keine Haftung \u00fcbernehmen f\u00fcr w\u00e4hrend der Schulungen und der Beratung entstandenen Verlust, Diebstahl oder Besch\u00e4digung von Eigentum des Kunden sowie f\u00fcr w\u00e4hrend des Programms erlittene pers\u00f6nliche Verletzungen des Kunden.<\/li>\n<li>Das Handeln des Kunden im Anschluss an die Kurse, Beratungen und bereitgestellten Materialien erfolgt ausschlie\u00dflich auf Risiko des Kunden. F4NF haftet gegen\u00fcber dem Kunden, au\u00dfer bei Vorsatz oder grober Fahrl\u00e4ssigkeit, nicht f\u00fcr Sch\u00e4den jeglicher Art, direkt oder indirekt, die dem Kunden infolge des Handelns im Anschluss an die Kurse, Beratungen oder bereitgestellten Materialien entstehen. <\/li>\n<li>Sollte sich, unter Ber\u00fccksichtigung der Bestimmungen im vorstehenden Absatz dieses Artikels, herausstellen, dass der entstandene Schaden und\/oder Nachteil zu Lasten von F4NF gehen, so wird die gesamte Haftung von F4NF in keinem Fall h\u00f6her sein als ein Betrag, der dem bei Vertragsabschluss vereinbarten Preis entspricht.<\/li>\n<li>Die Beweislast in Bezug auf Sch\u00e4den durch F4NF liegt beim Kunden, der diese akzeptiert.<\/li>\n<\/ol>\n<h5><strong>Artikel 8: Streitigkeiten<\/strong><\/h5>\n<ol>\n<li>Auf alle unter diesen Bedingungen gemachten Angebote, Angebote und Vereinbarungen findet ausschlie\u00dflich niederl\u00e4ndisches Recht Anwendung.<\/li>\n<li>Das zust\u00e4ndige Gericht in Roermond ist unter Ausschluss eines anderen Gerichts befugt, alle Streitigkeiten zu bearbeiten, die sich aus Angeboten, Angeboten und Vereinbarungen ergeben, auf die diese Bedingungen Anwendung finden.<\/li>\n<\/ol>\n<h5><strong>Artikel 9: Verschiebung des Ausf\u00fchrungsdatums<\/strong><\/h5>\n<ol>\n<li>Die Verschiebung des Ausf\u00fchrungsdatums bei offener Anmeldung ist einmalig m\u00f6glich, wenn das gleiche Modul innerhalb von 13 Monaten angeboten wird, vorausgesetzt, dass die Schulung noch nicht ausgebucht ist. F4NF best\u00e4tigt schriftlich, ob eine Verschiebung m\u00f6glich ist. <\/li>\n<li>Die Verschiebung des Ausf\u00fchrungsdatums bei In-Company-Schulungen wird in gegenseitiger Absprache festgelegt, jedoch sp\u00e4testens 6 Monate nach dem urspr\u00fcnglichen Ausf\u00fchrungsdatum.<\/li>\n<li>Nach einer Verschiebung ist eine Stornierung durch den Kunden nicht m\u00f6glich.<\/li>\n<\/ol>\n<h5><strong>Artikel 10: Stornierung der Vereinbarung<\/strong><\/h5>\n<ol>\n<li>Stornierungen m\u00fcssen ausschlie\u00dflich schriftlich erfolgen.<\/li>\n<li>Eine vollst\u00e4ndige oder teilweise Stornierung einer In-Company-Vereinbarung, bei der ein Festpreis vereinbart wurde, ist m\u00f6glich, wobei im Falle einer Stornierung bis zu 6 Wochen vor dem Ausf\u00fchrungsdatum 50 % des in der Vereinbarung festgelegten Betrags in Rechnung gestellt werden. Bei einer Stornierung innerhalb von 6 Wochen vor dem Ausf\u00fchrungsdatum wird 100 % des vereinbarten Preises berechnet. Bei teilweiser Stornierung werden die Kosten anteilig berechnet.  <\/li>\n<li>Eine vollst\u00e4ndige oder teilweise Stornierung einer In-Company-Vereinbarung, bei der ein variabler Preis vereinbart wurde, ist m\u00f6glich, wobei im Falle einer Stornierung bis zu 6 Wochen vor dem Ausf\u00fchrungsdatum die angefallenen Kosten und bereits eingegangenen Verpflichtungen in Rechnung gestellt werden. F\u00fcr die nicht gelieferten Stunden werden 50 % in Rechnung gestellt. Bei einer Stornierung innerhalb von 6 Wochen vor dem Ausf\u00fchrungsdatum wird 100 % des vereinbarten Preises berechnet. Bei teilweiser Stornierung werden die Kosten anteilig berechnet.   <\/li>\n<li>Nichtteilnahme an einer Aktivit\u00e4t am angemeldeten Datum wird als Stornierung betrachtet, auch wenn zu einem sp\u00e4teren Zeitpunkt an derselben Aktivit\u00e4t teilgenommen wird.<\/li>\n<li>Eine Stornierung einer offenen Anmeldung bis zu 3 Monaten vor Beginn der Schulung ist m\u00f6glich, wobei von F4NF 195 \u20ac in Rechnung gestellt werden. Bei Stornierung bis zu 6 Wochen werden 50 % der Kosten in Rechnung gestellt. Bei einer Stornierung nach 6 Wochen werden 100 % der Kosten in Rechnung gestellt. Bei teilweiser Stornierung werden die Kosten anteilig berechnet.   <\/li>\n<li>Eine Stornierung ist nicht m\u00f6glich, wenn der Kunde nachtr\u00e4glich mit dem vereinbarten Preis oder der Zahlungsweise nicht einverstanden ist.<\/li>\n<li>Der Kunde kann immer innerhalb von 7 Tagen nach der Anmeldung kostenlos stornieren.<\/li>\n<\/ol>\n<h5><strong>Artikel 11: Aufl\u00f6sung des Vertrags<\/strong><\/h5>\n<ol>\n<li>Sollte die Teilnehmerzahl bei offenen Anmeldungen unter der von F4NF festgelegten Mindestteilnehmerzahl liegen, ist F4NF berechtigt, das Programm abzusagen und den Vertrag aufzul\u00f6sen, sofern der Kunde nicht bereit ist, an einem von F4NF angebotenen Alternativtermin teilzunehmen. F4NF ist nicht verpflichtet, eine Entsch\u00e4digung jeglicher Art zu leisten. F4NF wird im Falle einer Absage die bereits gezahlten Kursgeb\u00fchren so schnell wie m\u00f6glich und vollst\u00e4ndig zur\u00fcckerstatten.  <\/li>\n<li>Artikel 11.1 ist nur anwendbar, wenn der Kunde das Datum der Teilnahme noch nicht verschoben hat.<\/li>\n<li>Im Falle der Liquidation, des Konkurses oder der Zahlungsaussetzung des Auftraggebers werden seine (Zahlungs-)Verpflichtungen sofort f\u00e4llig, und F4NF ist berechtigt, den Vertrag ganz oder teilweise aufzul\u00f6sen, ohne dass F4NF zu einer Entsch\u00e4digung verpflichtet ist. Ebenso werden die (Zahlungs-)Verpflichtungen des Auftraggebers sofort f\u00e4llig, wenn F4NF Kenntnis von Umst\u00e4nden erlangt, die ihr berechtigten Grund zur Annahme geben, dass der Auftraggeber seine (Zahlungs-)Verpflichtungen nicht erf\u00fcllen wird (k\u00f6nnen), und F4NF ist berechtigt, den Vertrag ganz oder teilweise aufzul\u00f6sen, ohne dass F4NF zu einer Entsch\u00e4digung verpflichtet ist.  <\/li>\n<\/ol>\n<h5><strong>Artikel 12: Preise<\/strong><\/h5>\n<ol>\n<li>Sofern nicht ausdr\u00fccklich anders angegeben, sind alle Preise von F4NF in Euro exklusive Mehrwertsteuer.<\/li>\n<li>Die In-Company-Schulungen k\u00f6nnen zu einem Festpreis oder einem Festpreis pro Einheit in Rechnung gestellt werden, wobei im letzteren Fall die tats\u00e4chlich genutzten Einheiten in Rechnung gestellt werden. <\/li>\n<li>Sollten sich nach Vertragsabschluss zwischen F4NF und dem Kunden Umst\u00e4nde in Bezug auf die Kostenfaktoren ergeben, die eine \u00c4nderung der Vereinbarung rechtfertigen, ist F4NF berechtigt, den Preis entsprechend anzupassen, ohne dass dies zur Stornierung des erteilten Auftrags durch den Kunden f\u00fchren kann. Eine Indexierung kann nur erfolgen, nachdem seit dem Vertragsschluss sechs Monate vergangen sind. <\/li>\n<\/ol>\n<h5> <\/h5>\n<h5><strong>Artikel 13: Zahlung<\/strong><\/h5>\n<ol>\n<li>Zahlungen m\u00fcssen innerhalb von 30 Tagen nach Rechnungsdatum, jedoch auf jeden Fall vor Beginn der Schulung\/Coaching, netto und ohne Abzug oder Rabatt erfolgen. Bei nicht rechtzeitiger Zahlung ist ein gesetzlicher Handelszins zuz\u00fcglich au\u00dfergerichtlicher Inkassokosten in H\u00f6he von 15 % des nicht rechtzeitig gezahlten Betrags f\u00e4llig. Eine Verrechnung von Schulden durch den Kunden ist niemals gestattet.  <\/li>\n<li>Alle von F4NF im Zusammenhang mit der Einziehung des vom Kunden geschuldeten Betrages entstandenen Kosten gehen zu Lasten des Kunden. Diese Kosten betragen mindestens 10 % des Rechnungswertes. <\/li>\n<li>Die vom Kunden geleisteten Zahlungen dienen immer zuerst zur Begleichung aller f\u00e4lligen Zinsen und Kosten und dann der f\u00e4lligen Rechnungen, die am l\u00e4ngsten offen sind, unabh\u00e4ngig von den Angaben des Kunden bei der Zahlung.<\/li>\n<\/ol>\n<h5><strong>Artikel 14: H\u00f6here Gewalt<\/strong><\/h5>\n<ol>\n<li>F4NF beh\u00e4lt sich das Recht vor, Schulungen im Falle h\u00f6herer Gewalt zu stornieren, zu \u00e4ndern, zu verschieben oder zu unterbrechen, bis die Umst\u00e4nde, die die h\u00f6here Gewalt verursachen, nicht mehr vorliegen.<\/li>\n<\/ol>\n<h5><strong>Artikel 15: Urheberrecht<\/strong><\/h5>\n<ol>\n<li>Die Urheberrechte und\/oder anderen geistigen Eigentumsrechte in Bezug auf die Schulungen oder bereitgestellten Materialien bleiben Eigentum von F4NF.<\/li>\n<li>Ohne vorherige schriftliche Zustimmung ist es dem Kunden nicht gestattet, das Material, au\u00dfer f\u00fcr den pers\u00f6nlichen Gebrauch, zu verwenden, zu verkaufen, zu reproduzieren oder auf andere Weise Dritten zur Verf\u00fcgung zu stellen.<\/li>\n<li>F4NF ist verpflichtet, vertrauliches Wissen, das sie vom Kunden erlangt, ohne vorherige schriftliche Zustimmung des Kunden nicht anderweitig zu verwenden.<\/li>\n<\/ol>\n<h5><strong>Artikel 16: Name und Adressdaten<\/strong><\/h5>\n<p>Durch den Abschluss des Vertrags erkl\u00e4rt sich der Kunde damit einverstanden, dass F4NF die vom Kunden bereitgestellten pers\u00f6nlichen Daten speichert und verwendet. F4NF wird diese Informationen verwenden, um den Kunden \u00fcber Produkte und Dienstleistungen zu informieren und sie f\u00fcr Verwaltungszwecke und Verkaufsanalysen zu nutzen. F4NF wird die erhaltenen Informationen nicht an Dritte weitergeben. Wenn der Kunde keine Informationen erhalten m\u00f6chte, kann er dies \u00fcber info@f4nf.com mitteilen.   <\/p>\n<p>[\/et_pb_text][\/et_pb_column][\/et_pb_row][\/et_pb_section]<\/p>\n","protected":false},"excerpt":{"rendered":"<p>Allgemeine Gesch\u00e4ftsbedingungen von F4NF B.V. &nbsp; &nbsp; Artikel 0: Niederl\u00e4ndische, englische und deutsche Version der allgemeinen Gesch\u00e4ftsbedingungen Die \u00dcbersetzung der allgemeinen Gesch\u00e4ftsbedingungen vom Niederl\u00e4ndischen ins Englische und Deutsche wurde mit gr\u00f6\u00dfter Sorgfalt durchgef\u00fchrt. Sollte es einen Unterschied zwischen den Versionen geben, hat die niederl\u00e4ndische Version Vorrang vor der englischen und deutschen Version. Artikel 1: Definitionen [&hellip;]<\/p>\n","protected":false},"author":1,"featured_media":0,"parent":0,"menu_order":0,"comment_status":"closed","ping_status":"closed","template":"","meta":{"_et_pb_use_builder":"on","_et_pb_old_content":"","_et_gb_content_width":"","footnotes":""},"class_list":["post-2189","page","type-page","status-publish","hentry"],"yoast_head":"<!-- This site is optimized with the Yoast SEO plugin v25.5 - https:\/\/yoast.com\/wordpress\/plugins\/seo\/ -->\n<title>Allgemeine Gesch\u00e4ftsbedingungen | F4NF B.V.<\/title>\n<meta name=\"robots\" content=\"index, follow, max-snippet:-1, max-image-preview:large, max-video-preview:-1\" \/>\n<link rel=\"canonical\" href=\"https:\/\/f4nf.com\/de\/allgemeine-geschaeftsbedingungen\/\" \/>\n<meta property=\"og:locale\" content=\"de_DE\" \/>\n<meta property=\"og:type\" content=\"article\" \/>\n<meta property=\"og:title\" content=\"Allgemeine Gesch\u00e4ftsbedingungen | F4NF B.V.\" \/>\n<meta property=\"og:description\" content=\"Allgemeine Gesch\u00e4ftsbedingungen von F4NF B.V. &nbsp; &nbsp; Artikel 0: Niederl\u00e4ndische, englische und deutsche Version der allgemeinen Gesch\u00e4ftsbedingungen Die \u00dcbersetzung der allgemeinen Gesch\u00e4ftsbedingungen vom Niederl\u00e4ndischen ins Englische und Deutsche wurde mit gr\u00f6\u00dfter Sorgfalt durchgef\u00fchrt. Sollte es einen Unterschied zwischen den Versionen geben, hat die niederl\u00e4ndische Version Vorrang vor der englischen und deutschen Version. Artikel 1: Definitionen [&hellip;]\" \/>\n<meta property=\"og:url\" content=\"https:\/\/f4nf.com\/de\/allgemeine-geschaeftsbedingungen\/\" \/>\n<meta property=\"og:site_name\" content=\"F4NF B.V.\" \/>\n<meta property=\"article:modified_time\" content=\"2024-08-30T12:24:09+00:00\" \/>\n<meta property=\"og:image\" content=\"https:\/\/f4nf.com\/wp-content\/uploads\/2024\/09\/f4nfsiteiage.png\" \/>\n\t<meta property=\"og:image:width\" content=\"1893\" \/>\n\t<meta property=\"og:image:height\" content=\"857\" \/>\n\t<meta property=\"og:image:type\" content=\"image\/png\" \/>\n<meta name=\"twitter:card\" content=\"summary_large_image\" \/>\n<meta name=\"twitter:label1\" content=\"Gesch\u00e4tzte Lesezeit\" \/>\n\t<meta name=\"twitter:data1\" content=\"10\u00a0Minuten\" \/>\n<script type=\"application\/ld+json\" class=\"yoast-schema-graph\">{\"@context\":\"https:\/\/schema.org\",\"@graph\":[{\"@type\":\"WebPage\",\"@id\":\"https:\/\/f4nf.com\/de\/allgemeine-geschaeftsbedingungen\/\",\"url\":\"https:\/\/f4nf.com\/de\/allgemeine-geschaeftsbedingungen\/\",\"name\":\"Allgemeine Gesch\u00e4ftsbedingungen | F4NF B.V.\",\"isPartOf\":{\"@id\":\"https:\/\/f4nf.com\/de\/#website\"},\"datePublished\":\"2024-08-30T01:01:44+00:00\",\"dateModified\":\"2024-08-30T12:24:09+00:00\",\"breadcrumb\":{\"@id\":\"https:\/\/f4nf.com\/de\/allgemeine-geschaeftsbedingungen\/#breadcrumb\"},\"inLanguage\":\"de\",\"potentialAction\":[{\"@type\":\"ReadAction\",\"target\":[\"https:\/\/f4nf.com\/de\/allgemeine-geschaeftsbedingungen\/\"]}]},{\"@type\":\"BreadcrumbList\",\"@id\":\"https:\/\/f4nf.com\/de\/allgemeine-geschaeftsbedingungen\/#breadcrumb\",\"itemListElement\":[{\"@type\":\"ListItem\",\"position\":1,\"name\":\"Home\",\"item\":\"https:\/\/f4nf.com\/de\/home\/\"},{\"@type\":\"ListItem\",\"position\":2,\"name\":\"Allgemeine Gesch\u00e4ftsbedingungen\"}]},{\"@type\":\"WebSite\",\"@id\":\"https:\/\/f4nf.com\/de\/#website\",\"url\":\"https:\/\/f4nf.com\/de\/\",\"name\":\"Finance for non financials e-learning F4NF\",\"description\":\"Finance for non financials e-learning\",\"publisher\":{\"@id\":\"https:\/\/f4nf.com\/de\/#organization\"},\"alternateName\":\"F4NF finance e-learning\",\"potentialAction\":[{\"@type\":\"SearchAction\",\"target\":{\"@type\":\"EntryPoint\",\"urlTemplate\":\"https:\/\/f4nf.com\/de\/?s={search_term_string}\"},\"query-input\":{\"@type\":\"PropertyValueSpecification\",\"valueRequired\":true,\"valueName\":\"search_term_string\"}}],\"inLanguage\":\"de\"},{\"@type\":\"Organization\",\"@id\":\"https:\/\/f4nf.com\/de\/#organization\",\"name\":\"F4NF BV\",\"url\":\"https:\/\/f4nf.com\/de\/\",\"logo\":{\"@type\":\"ImageObject\",\"inLanguage\":\"de\",\"@id\":\"https:\/\/f4nf.com\/de\/#\/schema\/logo\/image\/\",\"url\":\"https:\/\/f4nf.com\/wp-content\/uploads\/2024\/08\/20240408-F4NF-Logo-BV.png\",\"contentUrl\":\"https:\/\/f4nf.com\/wp-content\/uploads\/2024\/08\/20240408-F4NF-Logo-BV.png\",\"width\":1902,\"height\":890,\"caption\":\"F4NF BV\"},\"image\":{\"@id\":\"https:\/\/f4nf.com\/de\/#\/schema\/logo\/image\/\"},\"sameAs\":[\"https:\/\/www.linkedin.com\/company\/finance-for-non-financials\/\",\"https:\/\/www.youtube.com\/channel\/UCJv6kwIqASbE7X6wnYYDxZA\"]}]}<\/script>\n<!-- \/ Yoast SEO plugin. -->","yoast_head_json":{"title":"Allgemeine Gesch\u00e4ftsbedingungen | F4NF B.V.","robots":{"index":"index","follow":"follow","max-snippet":"max-snippet:-1","max-image-preview":"max-image-preview:large","max-video-preview":"max-video-preview:-1"},"canonical":"https:\/\/f4nf.com\/de\/allgemeine-geschaeftsbedingungen\/","og_locale":"de_DE","og_type":"article","og_title":"Allgemeine Gesch\u00e4ftsbedingungen | F4NF B.V.","og_description":"Allgemeine Gesch\u00e4ftsbedingungen von F4NF B.V. &nbsp; &nbsp; Artikel 0: Niederl\u00e4ndische, englische und deutsche Version der allgemeinen Gesch\u00e4ftsbedingungen Die \u00dcbersetzung der allgemeinen Gesch\u00e4ftsbedingungen vom Niederl\u00e4ndischen ins Englische und Deutsche wurde mit gr\u00f6\u00dfter Sorgfalt durchgef\u00fchrt. Sollte es einen Unterschied zwischen den Versionen geben, hat die niederl\u00e4ndische Version Vorrang vor der englischen und deutschen Version. Artikel 1: Definitionen [&hellip;]","og_url":"https:\/\/f4nf.com\/de\/allgemeine-geschaeftsbedingungen\/","og_site_name":"F4NF B.V.","article_modified_time":"2024-08-30T12:24:09+00:00","og_image":[{"width":1893,"height":857,"url":"https:\/\/f4nf.com\/wp-content\/uploads\/2024\/09\/f4nfsiteiage.png","type":"image\/png"}],"twitter_card":"summary_large_image","twitter_misc":{"Gesch\u00e4tzte Lesezeit":"10\u00a0Minuten"},"schema":{"@context":"https:\/\/schema.org","@graph":[{"@type":"WebPage","@id":"https:\/\/f4nf.com\/de\/allgemeine-geschaeftsbedingungen\/","url":"https:\/\/f4nf.com\/de\/allgemeine-geschaeftsbedingungen\/","name":"Allgemeine Gesch\u00e4ftsbedingungen | F4NF B.V.","isPartOf":{"@id":"https:\/\/f4nf.com\/de\/#website"},"datePublished":"2024-08-30T01:01:44+00:00","dateModified":"2024-08-30T12:24:09+00:00","breadcrumb":{"@id":"https:\/\/f4nf.com\/de\/allgemeine-geschaeftsbedingungen\/#breadcrumb"},"inLanguage":"de","potentialAction":[{"@type":"ReadAction","target":["https:\/\/f4nf.com\/de\/allgemeine-geschaeftsbedingungen\/"]}]},{"@type":"BreadcrumbList","@id":"https:\/\/f4nf.com\/de\/allgemeine-geschaeftsbedingungen\/#breadcrumb","itemListElement":[{"@type":"ListItem","position":1,"name":"Home","item":"https:\/\/f4nf.com\/de\/home\/"},{"@type":"ListItem","position":2,"name":"Allgemeine Gesch\u00e4ftsbedingungen"}]},{"@type":"WebSite","@id":"https:\/\/f4nf.com\/de\/#website","url":"https:\/\/f4nf.com\/de\/","name":"Finance for non financials e-learning F4NF","description":"Finance for non financials e-learning","publisher":{"@id":"https:\/\/f4nf.com\/de\/#organization"},"alternateName":"F4NF finance e-learning","potentialAction":[{"@type":"SearchAction","target":{"@type":"EntryPoint","urlTemplate":"https:\/\/f4nf.com\/de\/?s={search_term_string}"},"query-input":{"@type":"PropertyValueSpecification","valueRequired":true,"valueName":"search_term_string"}}],"inLanguage":"de"},{"@type":"Organization","@id":"https:\/\/f4nf.com\/de\/#organization","name":"F4NF BV","url":"https:\/\/f4nf.com\/de\/","logo":{"@type":"ImageObject","inLanguage":"de","@id":"https:\/\/f4nf.com\/de\/#\/schema\/logo\/image\/","url":"https:\/\/f4nf.com\/wp-content\/uploads\/2024\/08\/20240408-F4NF-Logo-BV.png","contentUrl":"https:\/\/f4nf.com\/wp-content\/uploads\/2024\/08\/20240408-F4NF-Logo-BV.png","width":1902,"height":890,"caption":"F4NF BV"},"image":{"@id":"https:\/\/f4nf.com\/de\/#\/schema\/logo\/image\/"},"sameAs":["https:\/\/www.linkedin.com\/company\/finance-for-non-financials\/","https:\/\/www.youtube.com\/channel\/UCJv6kwIqASbE7X6wnYYDxZA"]}]}},"_links":{"self":[{"href":"https:\/\/f4nf.com\/de\/wp-json\/wp\/v2\/pages\/2189","targetHints":{"allow":["GET"]}}],"collection":[{"href":"https:\/\/f4nf.com\/de\/wp-json\/wp\/v2\/pages"}],"about":[{"href":"https:\/\/f4nf.com\/de\/wp-json\/wp\/v2\/types\/page"}],"author":[{"embeddable":true,"href":"https:\/\/f4nf.com\/de\/wp-json\/wp\/v2\/users\/1"}],"replies":[{"embeddable":true,"href":"https:\/\/f4nf.com\/de\/wp-json\/wp\/v2\/comments?post=2189"}],"version-history":[{"count":2,"href":"https:\/\/f4nf.com\/de\/wp-json\/wp\/v2\/pages\/2189\/revisions"}],"predecessor-version":[{"id":2191,"href":"https:\/\/f4nf.com\/de\/wp-json\/wp\/v2\/pages\/2189\/revisions\/2191"}],"wp:attachment":[{"href":"https:\/\/f4nf.com\/de\/wp-json\/wp\/v2\/media?parent=2189"}],"curies":[{"name":"wp","href":"https:\/\/api.w.org\/{rel}","templated":true}]}}