{"id":1655,"date":"2024-07-03T22:47:16","date_gmt":"2024-07-03T20:47:16","guid":{"rendered":"https:\/\/f4nf.com\/kontakt\/"},"modified":"2024-12-20T12:58:10","modified_gmt":"2024-12-20T11:58:10","slug":"kontakt","status":"publish","type":"page","link":"https:\/\/f4nf.com\/de\/kontakt\/","title":{"rendered":"Kontakt"},"content":{"rendered":"<p>[et_pb_section fb_built=&#8220;1&#8243; fullwidth=&#8220;on&#8220; _builder_version=&#8220;4.27.0&#8243; _module_preset=&#8220;default&#8220; background_image=&#8220;https:\/\/f4nf.com\/wp-content\/uploads\/2024\/08\/1.-contact.jpg&#8220; custom_margin=&#8220;||-1px||false|false&#8220; global_colors_info=&#8220;{}&#8220;][et_pb_fullwidth_header title=&#8220;Kontakt&#8220; text_orientation=&#8220;center&#8220; admin_label=&#8220;Fullwidth Header&#8220; _builder_version=&#8220;4.26.0&#8243; _module_preset=&#8220;default&#8220; title_font=&#8220;Merriweather||||||||&#8220; title_text_align=&#8220;center&#8220; title_font_size=&#8220;80px&#8220; title_line_height=&#8220;1.4em&#8220; content_font=&#8220;Open Sans||||||||&#8220; content_text_align=&#8220;center&#8220; content_font_size=&#8220;18px&#8220; content_line_height=&#8220;1.8em&#8220; background_color=&#8220;rgba(0,0,0,0)&#8220; use_background_color_gradient=&#8220;on&#8220; background_color_gradient_direction=&#8220;140deg&#8220; background_color_gradient_stops=&#8220;rgba(0,0,0,0.9) 0%|rgba(80,103,147,0.5) 100%&#8220; background_color_gradient_start=&#8220;rgba(0,0,0,0.9)&#8220; background_color_gradient_end=&#8220;rgba(80,103,147,0.5)&#8220; background_enable_image=&#8220;off&#8220; custom_button_one=&#8220;on&#8220; button_one_text_size=&#8220;14px&#8220; button_one_bg_color=&#8220;#026A73&#8243; button_one_border_color=&#8220;rgba(0,0,0,0)&#8220; button_one_border_radius=&#8220;0px&#8220; button_one_letter_spacing=&#8220;1px&#8220; button_one_font=&#8220;|700||on|||||&#8220; button_one_custom_padding=&#8220;16px|28px|16px|28px|true|true&#8220; custom_button_two=&#8220;on&#8220; button_two_text_size=&#8220;14px&#8220; button_two_border_width=&#8220;2px&#8220; button_two_border_radius=&#8220;0px&#8220; button_two_letter_spacing=&#8220;1px&#8220; button_two_font=&#8220;|700||on|||||&#8220; button_two_custom_padding=&#8220;16px|28px|16px|28px|true|true&#8220; width=&#8220;100%&#8220; max_width=&#8220;100%&#8220; custom_margin=&#8220;|||&#8220; custom_padding=&#8220;4vw||4vw||true|false&#8220; custom_padding_tablet=&#8220;100px||100px||true&#8220; custom_padding_phone=&#8220;|||&#8220; custom_padding_last_edited=&#8220;on|desktop&#8220; title_font_size_tablet=&#8220;54px&#8220; title_font_size_phone=&#8220;34px&#8220; title_font_size_last_edited=&#8220;on|phone&#8220; content_font_size_tablet=&#8220;&#8220; content_font_size_phone=&#8220;16px&#8220; content_font_size_last_edited=&#8220;on|phone&#8220; custom_css_header_container=&#8220;max-width: 1280px;||width: 100%;&#8220; button_one_border_color_hover=&#8220;#ff8a3d&#8220; button_one_border_radius_hover=&#8220;100px&#8220; button_one_letter_spacing_hover=&#8220;5px&#8220; button_one_bg_color_hover=&#8220;#ff8a3d&#8220; global_colors_info=&#8220;{}&#8220; button_one_text_size__hover_enabled=&#8220;off&#8220; button_two_text_size__hover_enabled=&#8220;off&#8220; button_one_text_color__hover_enabled=&#8220;off&#8220; button_two_text_color__hover_enabled=&#8220;off&#8220; button_one_border_width__hover_enabled=&#8220;off&#8220; button_two_border_width__hover_enabled=&#8220;off&#8220; button_one_border_color__hover_enabled=&#8220;off&#8220; button_one_border_color__hover=&#8220;#ff8a3d&#8220; button_two_border_color__hover_enabled=&#8220;off&#8220; button_one_border_radius__hover_enabled=&#8220;off&#8220; button_one_border_radius__hover=&#8220;100px&#8220; button_two_border_radius__hover_enabled=&#8220;off&#8220; button_one_letter_spacing__hover_enabled=&#8220;off&#8220; button_one_letter_spacing__hover=&#8220;5px&#8220; button_two_letter_spacing__hover_enabled=&#8220;off&#8220; button_one_bg_color__hover_enabled=&#8220;off&#8220; button_one_bg_color__hover=&#8220;#ff8a3d&#8220; button_two_bg_color__hover_enabled=&#8220;off&#8220;][\/et_pb_fullwidth_header][\/et_pb_section][et_pb_section fb_built=&#8220;1&#8243; custom_padding_last_edited=&#8220;off|desktop&#8220; admin_label=&#8220;Contact&#8220; _builder_version=&#8220;4.27.0&#8243; custom_padding=&#8220;0px||0px||false|false&#8220; custom_padding_phone=&#8220;60px||60px||true|false&#8220; global_colors_info=&#8220;{}&#8220;][et_pb_row column_structure=&#8220;3_5,2_5&#8243; make_equal=&#8220;on&#8220; _builder_version=&#8220;4.27.0&#8243; background_color=&#8220;#004c52&#8243; use_background_color_gradient=&#8220;on&#8220; background_color_gradient_stops=&#8220;rgba(2,106,115,0.6) 0%|rgba(2,106,115,0.34) 100%&#8220; background_color_gradient_overlays_image=&#8220;on&#8220; background_image=&#8220;https:\/\/f4nf.com\/wp-content\/uploads\/2024\/07\/portrait-8796520_1280.jpg&#8220; width=&#8220;100%&#8220; max_width=&#8220;100%&#8220; custom_padding=&#8220;0px||0px||true|false&#8220; global_colors_info=&#8220;{}&#8220;][et_pb_column type=&#8220;3_5&#8243; _builder_version=&#8220;4.27.0&#8243; background_color=&#8220;#004c52&#8243; custom_padding=&#8220;100px|40px|100px|40px|true|true&#8220; custom_padding_tablet=&#8220;&#8220; custom_padding_phone=&#8220;60px||60px||true|false&#8220; custom_padding_last_edited=&#8220;on|desktop&#8220; global_colors_info=&#8220;{}&#8220;][et_pb_text _builder_version=&#8220;4.26.0&#8243; text_text_color=&#8220;#FFFFFF&#8220; text_font_size=&#8220;16px&#8220; text_line_height=&#8220;2em&#8220; header_text_color=&#8220;#FFFFFF&#8220; header_3_font=&#8220;Merriweather||||||||&#8220; header_3_font_size=&#8220;40px&#8220; header_3_line_height=&#8220;1.4em&#8220; text_orientation=&#8220;center&#8220; max_width=&#8220;800px&#8220; max_width_tablet=&#8220;600px&#8220; max_width_phone=&#8220;400px&#8220; max_width_last_edited=&#8220;on|phone&#8220; module_alignment=&#8220;center&#8220; custom_margin=&#8220;||20px|||&#8220; header_3_font_size_tablet=&#8220;36px&#8220; header_3_font_size_phone=&#8220;24px&#8220; header_3_font_size_last_edited=&#8220;on|desktop&#8220; locked=&#8220;off&#8220; global_colors_info=&#8220;{}&#8220;]<\/p>\n<h1>Lasst uns dieses Gespr\u00e4ch in Angriff nehmen.<\/h1>\n<p>Sind Sie bereit, sich oder Ihrem Team grundlegende Finanzkenntnisse zu vermitteln? Haben Sie Fragen zu unserem E-Learning-Kurs <em>Finanzmanagement<\/em>? Wir sind f\u00fcr Sie da.   <\/p>\n<p>&nbsp;<\/p>\n<p>[\/et_pb_text][et_pb_contact_form captcha=&#8220;off&#8220; email=&#8220;dennis@prospects4u.nl, office@f4nf.com&#8220; custom_message=&#8220;Kontaktformulier f4nf.com||et_pb_line_break_holder||||et_pb_line_break_holder||Onderstaand persoon heeft het contactformulier op f4nf.com ingevuld, graag contact opnemen en van deze lead een mooie klant maken||et_pb_line_break_holder||||et_pb_line_break_holder||Bedrijfsnaam : %%Company%% contact : %%About%%: %%Name%%: %%Email%%: %%Phone%%: %%Message%%&#8220; success_message=&#8220;Vielen Dank f\u00fcr Ihre Nachricht, wir werden uns umgehend mit Ihnen in Verbindung setzen.&#8220; submit_button_text=&#8220;Nachricht senden&#8220; _builder_version=&#8220;4.27.0&#8243; form_field_background_color=&#8220;#FFFFFF&#8220; form_field_text_color=&#8220;#026A73&#8243; form_field_focus_background_color=&#8220;#f9f9f9&#8243; form_field_focus_text_color=&#8220;#026A73&#8243; title_text_color=&#8220;#FFFFFF&#8220; form_field_font_size=&#8220;16px&#8220; form_field_line_height=&#8220;1.8em&#8220; custom_button=&#8220;on&#8220; button_text_size=&#8220;14px&#8220; button_text_color=&#8220;#ffffff&#8220; button_border_color=&#8220;#FFFFFF&#8220; button_border_radius=&#8220;10px&#8220; button_letter_spacing=&#8220;1px&#8220; button_font=&#8220;|700||on|||||&#8220; button_icon=&#8220;&#x76;||divi||400&#8243; button_icon_color=&#8220;#FFFFFF&#8220; button_custom_padding=&#8220;16px|28px|16px|28px|true|true&#8220; custom_css_main_element=&#8220;color:#ffffff&#8220; global_colors_info=&#8220;{}&#8220; button_bg_color__hover_enabled=&#8220;on|hover&#8220; button_one_bg_color__hover=&#8220;RGBA(255,255,255,0)&#8220; button_one_bg_color__hover_enabled=&#8220;on|hover&#8220; button_border_width__hover_enabled=&#8220;on|hover&#8220; button_border_width__hover=&#8220;2px&#8220;][et_pb_contact_field field_id=&#8220;About&#8220; field_title=&#8220;Was k\u00f6nnen wir f\u00fcr Sie tun?&#8220; field_type=&#8220;select&#8220; select_options=&#8220;%91{%22value%22:%22Organisationseigenes E-Learning Optionen%22,%22checked%22:0,%22dragID%22:-1},{%22value%22:%22Rabatt%22,%22checked%22:0,%22dragID%22:0},{%22value%22:%22Ich ben\u00f6tige zehn oder mehr E-Learning-Lizenzen.%22,%22checked%22:0,%22dragID%22:1},{%22value%22:%22Ich bin Student des E-Learnings %22,%22checked%22:0,%22dragID%22:2}%93&#8243; required_mark=&#8220;off&#8220; fullwidth_field=&#8220;on&#8220; _builder_version=&#8220;4.27.0&#8243; _module_preset=&#8220;default&#8220; form_field_background_color=&#8220;#ffffff&#8220; form_field_text_color=&#8220;#026A73&#8243; global_colors_info=&#8220;{}&#8220;][\/et_pb_contact_field][et_pb_contact_field field_id=&#8220;Company&#8220; field_title=&#8220;Name der Organisation&#8220; fullwidth_field=&#8220;on&#8220; _builder_version=&#8220;4.26.0&#8243; global_colors_info=&#8220;{}&#8220; button_text_size__hover_enabled=&#8220;off&#8220; button_one_text_size__hover_enabled=&#8220;off&#8220; button_two_text_size__hover_enabled=&#8220;off&#8220; button_text_color__hover_enabled=&#8220;off&#8220; button_one_text_color__hover_enabled=&#8220;off&#8220; button_two_text_color__hover_enabled=&#8220;off&#8220; button_border_width__hover_enabled=&#8220;off&#8220; button_one_border_width__hover_enabled=&#8220;off&#8220; button_two_border_width__hover_enabled=&#8220;off&#8220; button_border_color__hover_enabled=&#8220;off&#8220; button_one_border_color__hover_enabled=&#8220;off&#8220; button_two_border_color__hover_enabled=&#8220;off&#8220; button_border_radius__hover_enabled=&#8220;off&#8220; button_one_border_radius__hover_enabled=&#8220;off&#8220; button_two_border_radius__hover_enabled=&#8220;off&#8220; button_letter_spacing__hover_enabled=&#8220;off&#8220; button_one_letter_spacing__hover_enabled=&#8220;off&#8220; button_two_letter_spacing__hover_enabled=&#8220;off&#8220; button_bg_color__hover_enabled=&#8220;off&#8220; button_one_bg_color__hover_enabled=&#8220;off&#8220; button_two_bg_color__hover_enabled=&#8220;off&#8220;][\/et_pb_contact_field][et_pb_contact_field field_id=&#8220;Name&#8220; field_title=&#8220;Name&#8220; fullwidth_field=&#8220;on&#8220; _builder_version=&#8220;4.16&#8243; global_colors_info=&#8220;{}&#8220; button_text_size__hover_enabled=&#8220;off&#8220; button_one_text_size__hover_enabled=&#8220;off&#8220; button_two_text_size__hover_enabled=&#8220;off&#8220; button_text_color__hover_enabled=&#8220;off&#8220; button_one_text_color__hover_enabled=&#8220;off&#8220; button_two_text_color__hover_enabled=&#8220;off&#8220; button_border_width__hover_enabled=&#8220;off&#8220; button_one_border_width__hover_enabled=&#8220;off&#8220; button_two_border_width__hover_enabled=&#8220;off&#8220; button_border_color__hover_enabled=&#8220;off&#8220; button_one_border_color__hover_enabled=&#8220;off&#8220; button_two_border_color__hover_enabled=&#8220;off&#8220; button_border_radius__hover_enabled=&#8220;off&#8220; button_one_border_radius__hover_enabled=&#8220;off&#8220; button_two_border_radius__hover_enabled=&#8220;off&#8220; button_letter_spacing__hover_enabled=&#8220;off&#8220; button_one_letter_spacing__hover_enabled=&#8220;off&#8220; button_two_letter_spacing__hover_enabled=&#8220;off&#8220; button_bg_color__hover_enabled=&#8220;off&#8220; button_one_bg_color__hover_enabled=&#8220;off&#8220; button_two_bg_color__hover_enabled=&#8220;off&#8220;][\/et_pb_contact_field][et_pb_contact_field field_id=&#8220;Email&#8220; field_title=&#8220;E-Mail Adresse&#8220; field_type=&#8220;email&#8220; fullwidth_field=&#8220;on&#8220; _builder_version=&#8220;4.16&#8243; global_colors_info=&#8220;{}&#8220; button_text_size__hover_enabled=&#8220;off&#8220; button_one_text_size__hover_enabled=&#8220;off&#8220; button_two_text_size__hover_enabled=&#8220;off&#8220; button_text_color__hover_enabled=&#8220;off&#8220; button_one_text_color__hover_enabled=&#8220;off&#8220; button_two_text_color__hover_enabled=&#8220;off&#8220; button_border_width__hover_enabled=&#8220;off&#8220; button_one_border_width__hover_enabled=&#8220;off&#8220; button_two_border_width__hover_enabled=&#8220;off&#8220; button_border_color__hover_enabled=&#8220;off&#8220; button_one_border_color__hover_enabled=&#8220;off&#8220; button_two_border_color__hover_enabled=&#8220;off&#8220; button_border_radius__hover_enabled=&#8220;off&#8220; button_one_border_radius__hover_enabled=&#8220;off&#8220; button_two_border_radius__hover_enabled=&#8220;off&#8220; button_letter_spacing__hover_enabled=&#8220;off&#8220; button_one_letter_spacing__hover_enabled=&#8220;off&#8220; button_two_letter_spacing__hover_enabled=&#8220;off&#8220; button_bg_color__hover_enabled=&#8220;off&#8220; button_one_bg_color__hover_enabled=&#8220;off&#8220; button_two_bg_color__hover_enabled=&#8220;off&#8220;][\/et_pb_contact_field][et_pb_contact_field field_id=&#8220;phone&#8220; field_title=&#8220;Telefon&#8220; min_length=&#8220;9&#8243; fullwidth_field=&#8220;on&#8220; _builder_version=&#8220;4.26.0&#8243; _module_preset=&#8220;default&#8220; global_colors_info=&#8220;{}&#8220;][\/et_pb_contact_field][et_pb_contact_field field_id=&#8220;Message&#8220; field_title=&#8220;Nachricht&#8220; field_type=&#8220;text&#8220; fullwidth_field=&#8220;on&#8220; _builder_version=&#8220;4.16&#8243; global_colors_info=&#8220;{}&#8220; button_text_size__hover_enabled=&#8220;off&#8220; button_one_text_size__hover_enabled=&#8220;off&#8220; button_two_text_size__hover_enabled=&#8220;off&#8220; button_text_color__hover_enabled=&#8220;off&#8220; button_one_text_color__hover_enabled=&#8220;off&#8220; button_two_text_color__hover_enabled=&#8220;off&#8220; button_border_width__hover_enabled=&#8220;off&#8220; button_one_border_width__hover_enabled=&#8220;off&#8220; button_two_border_width__hover_enabled=&#8220;off&#8220; button_border_color__hover_enabled=&#8220;off&#8220; button_one_border_color__hover_enabled=&#8220;off&#8220; button_two_border_color__hover_enabled=&#8220;off&#8220; button_border_radius__hover_enabled=&#8220;off&#8220; button_one_border_radius__hover_enabled=&#8220;off&#8220; button_two_border_radius__hover_enabled=&#8220;off&#8220; button_letter_spacing__hover_enabled=&#8220;off&#8220; button_one_letter_spacing__hover_enabled=&#8220;off&#8220; button_two_letter_spacing__hover_enabled=&#8220;off&#8220; button_bg_color__hover_enabled=&#8220;off&#8220; button_one_bg_color__hover_enabled=&#8220;off&#8220; button_two_bg_color__hover_enabled=&#8220;off&#8220;][\/et_pb_contact_field][\/et_pb_contact_form][\/et_pb_column][et_pb_column type=&#8220;2_5&#8243; _builder_version=&#8220;4.26.0&#8243; background_enable_color=&#8220;off&#8220; background_enable_image=&#8220;off&#8220; custom_padding=&#8220;100px|40px|100px|40px|true|true&#8220; custom_padding_tablet=&#8220;&#8220; custom_padding_phone=&#8220;60px||60px||true|false&#8220; custom_padding_last_edited=&#8220;on|desktop&#8220; global_colors_info=&#8220;{}&#8220;][et_pb_text _builder_version=&#8220;4.27.0&#8243; _module_preset=&#8220;default&#8220; text_text_color=&#8220;#FFFFFF&#8220; text_font_size=&#8220;16px&#8220; header_text_color=&#8220;#FFFFFF&#8220; header_3_text_color=&#8220;#FFFFFF&#8220; header_3_font_size=&#8220;27px&#8220; background_color=&#8220;RGBA(255,255,255,0)&#8220; global_colors_info=&#8220;{}&#8220;]<\/p>\n<h3>Kostenloser Demo-Kurs<\/h3>\n<p>[\/et_pb_text][et_pb_text _builder_version=&#8220;4.27.4&#8243; _module_preset=&#8220;default&#8220; text_text_color=&#8220;#FFFFFF&#8220; text_font_size=&#8220;16px&#8220; background_color=&#8220;RGBA(255,255,255,0)&#8220; hover_enabled=&#8220;0&#8243; global_colors_info=&#8220;{}&#8220; sticky_enabled=&#8220;0&#8243;]<\/p>\n<p>M\u00f6chten Sie sehen, wie unser E-Learning Finanzmanagement Ihre Entscheidungsfindung verbessern kann? \u00dcberzeugen Sie sich selbst mit unserer voll funktionsf\u00e4higen Demo. <\/p>\n<p>Fordern Sie einfach eine Demo an und wir registrieren Sie \u00fcber unser Learning Management System (LMS) f\u00fcr den Kurs. Sie erhalten dann eine E-Mail mit allen Details, die Sie ben\u00f6tigen, um sich einzuloggen und einen besonderen Teil des Kurses zu erkunden. <\/p>\n<p>Entdecken Sie, wie einfach und intuitiv Finanzen sein k\u00f6nnen &#8211; fordern Sie noch heute Ihre Demo an und machen Sie den ersten Schritt zu mehr Vertrauen in Ihre finanziellen Entscheidungen.<\/p>\n<p>[\/et_pb_text][et_pb_button button_url=&#8220;https:\/\/f4nf.com\/#target-section&#8220; button_text=&#8220;Fordern Sie Ihre kostenlose Demo an&#8220; button_alignment=&#8220;left&#8220; _builder_version=&#8220;4.27.0&#8243; _module_preset=&#8220;default&#8220; custom_button=&#8220;on&#8220; button_text_size=&#8220;15px&#8220; button_text_color=&#8220;#ffffff&#8220; button_border_width=&#8220;2px&#8220; button_border_color=&#8220;#FFFFFF&#8220; button_border_radius=&#8220;10px&#8220; button_letter_spacing=&#8220;1px&#8220; button_font=&#8220;|700||on|||||&#8220; button_icon=&#8220;&#xe106;||divi||400&#8243; custom_padding=&#8220;16px|28px|18px|28px|false|true&#8220; custom_css_main_element=&#8220;min-width:300px&#8220; global_colors_info=&#8220;{}&#8220; button_bg_color__hover=&#8220;rgba(255,255,255,0)&#8220; button_bg_color__hover_enabled=&#8220;on|hover&#8220; button_bg_use_color_gradient__hover=&#8220;on&#8220; button_bg_color_gradient_stops__hover=&#8220;#b3b3b3 1%|rgba(41,196,169,0.22) 99%&#8220; button_border_color__hover=&#8220;#FFFFFF&#8220; button_border_color__hover_enabled=&#8220;on|desktop&#8220; custom_css_main_element_phone=&#8220;min-width:250px&#8220; custom_css_main_element_last_edited=&#8220;on|phone&#8220; custom_css_main_element_tablet=&#8220;min-width:400px&#8220;][\/et_pb_button][\/et_pb_column][\/et_pb_row][\/et_pb_section]<\/p>\n","protected":false},"excerpt":{"rendered":"<p>Lasst uns dieses Gespr\u00e4ch in Angriff nehmen. Sind Sie bereit, sich oder Ihrem Team grundlegende Finanzkenntnisse zu vermitteln? Haben Sie Fragen zu unserem E-Learning-Kurs Finanzmanagement? Wir sind f\u00fcr Sie da. &nbsp;Kostenloser Demo-KursM\u00f6chten Sie sehen, wie unser E-Learning Finanzmanagement Ihre Entscheidungsfindung verbessern kann? \u00dcberzeugen Sie sich selbst mit unserer voll funktionsf\u00e4higen Demo. Fordern Sie einfach eine [&hellip;]<\/p>\n","protected":false},"author":1,"featured_media":0,"parent":0,"menu_order":0,"comment_status":"closed","ping_status":"closed","template":"","meta":{"_et_pb_use_builder":"on","_et_pb_old_content":"","_et_gb_content_width":"","footnotes":""},"class_list":["post-1655","page","type-page","status-publish","hentry"],"yoast_head":"<!-- This site is optimized with the Yoast SEO plugin v25.5 - https:\/\/yoast.com\/wordpress\/plugins\/seo\/ -->\n<title>Kontakt | F4NF B.V.<\/title>\n<meta name=\"robots\" content=\"index, follow, max-snippet:-1, max-image-preview:large, max-video-preview:-1\" \/>\n<link rel=\"canonical\" href=\"https:\/\/f4nf.com\/de\/kontakt\/\" \/>\n<meta property=\"og:locale\" content=\"de_DE\" \/>\n<meta property=\"og:type\" content=\"article\" \/>\n<meta property=\"og:title\" content=\"Kontakt | F4NF B.V.\" \/>\n<meta property=\"og:description\" content=\"Lasst uns dieses Gespr\u00e4ch in Angriff nehmen. Sind Sie bereit, sich oder Ihrem Team grundlegende Finanzkenntnisse zu vermitteln? Haben Sie Fragen zu unserem E-Learning-Kurs Finanzmanagement? Wir sind f\u00fcr Sie da. &nbsp;Kostenloser Demo-KursM\u00f6chten Sie sehen, wie unser E-Learning Finanzmanagement Ihre Entscheidungsfindung verbessern kann? \u00dcberzeugen Sie sich selbst mit unserer voll funktionsf\u00e4higen Demo. Fordern Sie einfach eine [&hellip;]\" \/>\n<meta property=\"og:url\" content=\"https:\/\/f4nf.com\/de\/kontakt\/\" \/>\n<meta property=\"og:site_name\" content=\"F4NF B.V.\" \/>\n<meta property=\"article:modified_time\" content=\"2024-12-20T11:58:10+00:00\" \/>\n<meta property=\"og:image\" content=\"https:\/\/f4nf.com\/wp-content\/uploads\/2024\/09\/f4nfsiteiage.png\" \/>\n\t<meta property=\"og:image:width\" content=\"1893\" \/>\n\t<meta property=\"og:image:height\" content=\"857\" \/>\n\t<meta property=\"og:image:type\" content=\"image\/png\" \/>\n<meta name=\"twitter:card\" content=\"summary_large_image\" \/>\n<meta name=\"twitter:label1\" content=\"Gesch\u00e4tzte Lesezeit\" \/>\n\t<meta name=\"twitter:data1\" content=\"10\u00a0Minuten\" \/>\n<script type=\"application\/ld+json\" class=\"yoast-schema-graph\">{\"@context\":\"https:\/\/schema.org\",\"@graph\":[{\"@type\":\"WebPage\",\"@id\":\"https:\/\/f4nf.com\/de\/kontakt\/\",\"url\":\"https:\/\/f4nf.com\/de\/kontakt\/\",\"name\":\"Kontakt | F4NF B.V.\",\"isPartOf\":{\"@id\":\"https:\/\/f4nf.com\/de\/#website\"},\"datePublished\":\"2024-07-03T20:47:16+00:00\",\"dateModified\":\"2024-12-20T11:58:10+00:00\",\"breadcrumb\":{\"@id\":\"https:\/\/f4nf.com\/de\/kontakt\/#breadcrumb\"},\"inLanguage\":\"de\",\"potentialAction\":[{\"@type\":\"ReadAction\",\"target\":[\"https:\/\/f4nf.com\/de\/kontakt\/\"]}]},{\"@type\":\"BreadcrumbList\",\"@id\":\"https:\/\/f4nf.com\/de\/kontakt\/#breadcrumb\",\"itemListElement\":[{\"@type\":\"ListItem\",\"position\":1,\"name\":\"Home\",\"item\":\"https:\/\/f4nf.com\/de\/home\/\"},{\"@type\":\"ListItem\",\"position\":2,\"name\":\"Kontakt\"}]},{\"@type\":\"WebSite\",\"@id\":\"https:\/\/f4nf.com\/de\/#website\",\"url\":\"https:\/\/f4nf.com\/de\/\",\"name\":\"Finance for non financials e-learning F4NF\",\"description\":\"Finance for non financials e-learning\",\"publisher\":{\"@id\":\"https:\/\/f4nf.com\/de\/#organization\"},\"alternateName\":\"F4NF finance e-learning\",\"potentialAction\":[{\"@type\":\"SearchAction\",\"target\":{\"@type\":\"EntryPoint\",\"urlTemplate\":\"https:\/\/f4nf.com\/de\/?s={search_term_string}\"},\"query-input\":{\"@type\":\"PropertyValueSpecification\",\"valueRequired\":true,\"valueName\":\"search_term_string\"}}],\"inLanguage\":\"de\"},{\"@type\":\"Organization\",\"@id\":\"https:\/\/f4nf.com\/de\/#organization\",\"name\":\"F4NF BV\",\"url\":\"https:\/\/f4nf.com\/de\/\",\"logo\":{\"@type\":\"ImageObject\",\"inLanguage\":\"de\",\"@id\":\"https:\/\/f4nf.com\/de\/#\/schema\/logo\/image\/\",\"url\":\"https:\/\/f4nf.com\/wp-content\/uploads\/2024\/08\/20240408-F4NF-Logo-BV.png\",\"contentUrl\":\"https:\/\/f4nf.com\/wp-content\/uploads\/2024\/08\/20240408-F4NF-Logo-BV.png\",\"width\":1902,\"height\":890,\"caption\":\"F4NF BV\"},\"image\":{\"@id\":\"https:\/\/f4nf.com\/de\/#\/schema\/logo\/image\/\"},\"sameAs\":[\"https:\/\/www.linkedin.com\/company\/finance-for-non-financials\/\",\"https:\/\/www.youtube.com\/channel\/UCJv6kwIqASbE7X6wnYYDxZA\"]}]}<\/script>\n<!-- \/ Yoast SEO plugin. -->","yoast_head_json":{"title":"Kontakt | F4NF B.V.","robots":{"index":"index","follow":"follow","max-snippet":"max-snippet:-1","max-image-preview":"max-image-preview:large","max-video-preview":"max-video-preview:-1"},"canonical":"https:\/\/f4nf.com\/de\/kontakt\/","og_locale":"de_DE","og_type":"article","og_title":"Kontakt | F4NF B.V.","og_description":"Lasst uns dieses Gespr\u00e4ch in Angriff nehmen. Sind Sie bereit, sich oder Ihrem Team grundlegende Finanzkenntnisse zu vermitteln? Haben Sie Fragen zu unserem E-Learning-Kurs Finanzmanagement? Wir sind f\u00fcr Sie da. &nbsp;Kostenloser Demo-KursM\u00f6chten Sie sehen, wie unser E-Learning Finanzmanagement Ihre Entscheidungsfindung verbessern kann? \u00dcberzeugen Sie sich selbst mit unserer voll funktionsf\u00e4higen Demo. Fordern Sie einfach eine [&hellip;]","og_url":"https:\/\/f4nf.com\/de\/kontakt\/","og_site_name":"F4NF B.V.","article_modified_time":"2024-12-20T11:58:10+00:00","og_image":[{"width":1893,"height":857,"url":"https:\/\/f4nf.com\/wp-content\/uploads\/2024\/09\/f4nfsiteiage.png","type":"image\/png"}],"twitter_card":"summary_large_image","twitter_misc":{"Gesch\u00e4tzte Lesezeit":"10\u00a0Minuten"},"schema":{"@context":"https:\/\/schema.org","@graph":[{"@type":"WebPage","@id":"https:\/\/f4nf.com\/de\/kontakt\/","url":"https:\/\/f4nf.com\/de\/kontakt\/","name":"Kontakt | F4NF B.V.","isPartOf":{"@id":"https:\/\/f4nf.com\/de\/#website"},"datePublished":"2024-07-03T20:47:16+00:00","dateModified":"2024-12-20T11:58:10+00:00","breadcrumb":{"@id":"https:\/\/f4nf.com\/de\/kontakt\/#breadcrumb"},"inLanguage":"de","potentialAction":[{"@type":"ReadAction","target":["https:\/\/f4nf.com\/de\/kontakt\/"]}]},{"@type":"BreadcrumbList","@id":"https:\/\/f4nf.com\/de\/kontakt\/#breadcrumb","itemListElement":[{"@type":"ListItem","position":1,"name":"Home","item":"https:\/\/f4nf.com\/de\/home\/"},{"@type":"ListItem","position":2,"name":"Kontakt"}]},{"@type":"WebSite","@id":"https:\/\/f4nf.com\/de\/#website","url":"https:\/\/f4nf.com\/de\/","name":"Finance for non financials e-learning F4NF","description":"Finance for non financials e-learning","publisher":{"@id":"https:\/\/f4nf.com\/de\/#organization"},"alternateName":"F4NF finance e-learning","potentialAction":[{"@type":"SearchAction","target":{"@type":"EntryPoint","urlTemplate":"https:\/\/f4nf.com\/de\/?s={search_term_string}"},"query-input":{"@type":"PropertyValueSpecification","valueRequired":true,"valueName":"search_term_string"}}],"inLanguage":"de"},{"@type":"Organization","@id":"https:\/\/f4nf.com\/de\/#organization","name":"F4NF BV","url":"https:\/\/f4nf.com\/de\/","logo":{"@type":"ImageObject","inLanguage":"de","@id":"https:\/\/f4nf.com\/de\/#\/schema\/logo\/image\/","url":"https:\/\/f4nf.com\/wp-content\/uploads\/2024\/08\/20240408-F4NF-Logo-BV.png","contentUrl":"https:\/\/f4nf.com\/wp-content\/uploads\/2024\/08\/20240408-F4NF-Logo-BV.png","width":1902,"height":890,"caption":"F4NF BV"},"image":{"@id":"https:\/\/f4nf.com\/de\/#\/schema\/logo\/image\/"},"sameAs":["https:\/\/www.linkedin.com\/company\/finance-for-non-financials\/","https:\/\/www.youtube.com\/channel\/UCJv6kwIqASbE7X6wnYYDxZA"]}]}},"_links":{"self":[{"href":"https:\/\/f4nf.com\/de\/wp-json\/wp\/v2\/pages\/1655","targetHints":{"allow":["GET"]}}],"collection":[{"href":"https:\/\/f4nf.com\/de\/wp-json\/wp\/v2\/pages"}],"about":[{"href":"https:\/\/f4nf.com\/de\/wp-json\/wp\/v2\/types\/page"}],"author":[{"embeddable":true,"href":"https:\/\/f4nf.com\/de\/wp-json\/wp\/v2\/users\/1"}],"replies":[{"embeddable":true,"href":"https:\/\/f4nf.com\/de\/wp-json\/wp\/v2\/comments?post=1655"}],"version-history":[{"count":23,"href":"https:\/\/f4nf.com\/de\/wp-json\/wp\/v2\/pages\/1655\/revisions"}],"predecessor-version":[{"id":3088,"href":"https:\/\/f4nf.com\/de\/wp-json\/wp\/v2\/pages\/1655\/revisions\/3088"}],"wp:attachment":[{"href":"https:\/\/f4nf.com\/de\/wp-json\/wp\/v2\/media?parent=1655"}],"curies":[{"name":"wp","href":"https:\/\/api.w.org\/{rel}","templated":true}]}}