{"id":1652,"date":"2024-07-24T17:14:21","date_gmt":"2024-07-24T15:14:21","guid":{"rendered":"https:\/\/f4nf.com\/thank-you\/"},"modified":"2024-09-25T04:56:11","modified_gmt":"2024-09-25T02:56:11","slug":"thank-you","status":"publish","type":"page","link":"https:\/\/f4nf.com\/de\/thank-you\/","title":{"rendered":"\/thank-you"},"content":{"rendered":"<p>[et_pb_section fb_built=&#8220;1&#8243; _builder_version=&#8220;4.27.0&#8243; _module_preset=&#8220;default&#8220; global_colors_info=&#8220;{}&#8220;][et_pb_row _builder_version=&#8220;4.27.0&#8243; _module_preset=&#8220;default&#8220; global_colors_info=&#8220;{}&#8220;][et_pb_column type=&#8220;4_4&#8243; _builder_version=&#8220;4.27.0&#8243; _module_preset=&#8220;default&#8220; global_colors_info=&#8220;{}&#8220;][et_pb_text _builder_version=&#8220;4.27.0&#8243; _module_preset=&#8220;default&#8220; global_colors_info=&#8220;{}&#8220;]<\/p>\n<h1 style=\"text-align: center;\">Vielen Dank, dass Sie sich uns auf Ihrer finanziellen Reise anschlie\u00dfen!<\/h1>\n<\/p>\n<p>Wir freuen uns sehr, Sie bei Finance for Non-Financials willkommen zu hei\u00dfen! Egal, ob Sie sich mit uns in Verbindung gesetzt, eine Demo unseres E-Learnings angefordert oder sich entschieden haben, unser 10-moduliges Programm zu erwerben \u2013 wir k\u00f6nnten nicht gl\u00fccklicher sein, dass Sie dabei sind. <\/p>\n<p>Unser Ziel ist klar: Ihnen das Wissen und das Selbstvertrauen zu geben, um Finanzberichte zu verstehen und wirkungsvolle Entscheidungen zu treffen. Und wir glauben, dass der beste Weg zu lernen, das Tun ist \u2013 durch fesselnde Texte, praxisorientierte Aufgaben und spannende Videos, die alle in eine Erz\u00e4hlung eingebettet sind, die die Zahlen zum Leben erweckt. <\/p>\n<p>Stellen Sie sich eine Zukunft vor, in der Sie jeden Finanzbericht, der Ihnen begegnet, sicher entschl\u00fcsseln und genau wissen, welche Ma\u00dfnahmen Sie ergreifen m\u00fcssen, um den Bereich, f\u00fcr den Sie verantwortlich sind, zu verbessern. Stellen Sie sich vor, wie Sie Chancen erkennen, fundierte Entscheidungen treffen und echte Ver\u00e4nderungen bewirken \u2013 und dabei noch Spa\u00df haben. <\/p>\n<p>Also, fangen Sie noch heute an! Tauchen Sie ein in die Inhalte, vertiefen Sie sich in das Lernen, und lassen Sie uns gemeinsam diese Finanzzahlen in Ihre n\u00e4chste Erfolgsgeschichte verwandeln. <\/p>\n<p>Vielen Dank, dass Sie uns auf Ihrer Lernreise gew\u00e4hlt haben. Wir w\u00fcnschen Ihnen viel Freude, Spa\u00df und finanzielle St\u00e4rkung! <\/p>\n<p>Mit herzlichen Gr\u00fc\u00dfen,<br \/>Das Team von F4NF<\/p>\n<p>[\/et_pb_text][\/et_pb_column][\/et_pb_row][et_pb_row column_structure=&#8220;1_2,1_2&#8243; _builder_version=&#8220;4.27.0&#8243; _module_preset=&#8220;default&#8220; global_colors_info=&#8220;{}&#8220;][et_pb_column type=&#8220;1_2&#8243; _builder_version=&#8220;4.27.0&#8243; _module_preset=&#8220;default&#8220; global_colors_info=&#8220;{}&#8220;][\/et_pb_column][et_pb_column type=&#8220;1_2&#8243; _builder_version=&#8220;4.27.0&#8243; _module_preset=&#8220;default&#8220; global_colors_info=&#8220;{}&#8220;][\/et_pb_column][\/et_pb_row][\/et_pb_section]<\/p>\n","protected":false},"excerpt":{"rendered":"<p>Vielen Dank, dass Sie sich uns auf Ihrer finanziellen Reise anschlie\u00dfen! Wir freuen uns sehr, Sie bei Finance for Non-Financials willkommen zu hei\u00dfen! Egal, ob Sie sich mit uns in Verbindung gesetzt, eine Demo unseres E-Learnings angefordert oder sich entschieden haben, unser 10-moduliges Programm zu erwerben \u2013 wir k\u00f6nnten nicht gl\u00fccklicher sein, dass Sie dabei [&hellip;]<\/p>\n","protected":false},"author":1,"featured_media":0,"parent":0,"menu_order":0,"comment_status":"closed","ping_status":"closed","template":"","meta":{"_et_pb_use_builder":"on","_et_pb_old_content":"","_et_gb_content_width":"","footnotes":""},"class_list":["post-1652","page","type-page","status-publish","hentry"],"yoast_head":"<!-- This site is optimized with the Yoast SEO plugin v25.5 - https:\/\/yoast.com\/wordpress\/plugins\/seo\/ -->\n<title>\/thank-you | F4NF B.V.<\/title>\n<meta name=\"robots\" content=\"index, follow, max-snippet:-1, max-image-preview:large, max-video-preview:-1\" \/>\n<link rel=\"canonical\" href=\"https:\/\/f4nf.com\/de\/thank-you\/\" \/>\n<meta property=\"og:locale\" content=\"de_DE\" \/>\n<meta property=\"og:type\" content=\"article\" \/>\n<meta property=\"og:title\" content=\"\/thank-you | F4NF B.V.\" \/>\n<meta property=\"og:description\" content=\"Vielen Dank, dass Sie sich uns auf Ihrer finanziellen Reise anschlie\u00dfen! Wir freuen uns sehr, Sie bei Finance for Non-Financials willkommen zu hei\u00dfen! Egal, ob Sie sich mit uns in Verbindung gesetzt, eine Demo unseres E-Learnings angefordert oder sich entschieden haben, unser 10-moduliges Programm zu erwerben \u2013 wir k\u00f6nnten nicht gl\u00fccklicher sein, dass Sie dabei [&hellip;]\" \/>\n<meta property=\"og:url\" content=\"https:\/\/f4nf.com\/de\/thank-you\/\" \/>\n<meta property=\"og:site_name\" content=\"F4NF B.V.\" \/>\n<meta property=\"article:modified_time\" content=\"2024-09-25T02:56:11+00:00\" \/>\n<meta property=\"og:image\" content=\"https:\/\/f4nf.com\/wp-content\/uploads\/2024\/09\/f4nfsiteiage.png\" \/>\n\t<meta property=\"og:image:width\" content=\"1893\" \/>\n\t<meta property=\"og:image:height\" content=\"857\" \/>\n\t<meta property=\"og:image:type\" content=\"image\/png\" \/>\n<meta name=\"twitter:card\" content=\"summary_large_image\" \/>\n<meta name=\"twitter:label1\" content=\"Gesch\u00e4tzte Lesezeit\" \/>\n\t<meta name=\"twitter:data1\" content=\"2\u00a0Minuten\" \/>\n<script type=\"application\/ld+json\" class=\"yoast-schema-graph\">{\"@context\":\"https:\/\/schema.org\",\"@graph\":[{\"@type\":\"WebPage\",\"@id\":\"https:\/\/f4nf.com\/de\/thank-you\/\",\"url\":\"https:\/\/f4nf.com\/de\/thank-you\/\",\"name\":\"\/thank-you | F4NF B.V.\",\"isPartOf\":{\"@id\":\"https:\/\/f4nf.com\/de\/#website\"},\"datePublished\":\"2024-07-24T15:14:21+00:00\",\"dateModified\":\"2024-09-25T02:56:11+00:00\",\"breadcrumb\":{\"@id\":\"https:\/\/f4nf.com\/de\/thank-you\/#breadcrumb\"},\"inLanguage\":\"de\",\"potentialAction\":[{\"@type\":\"ReadAction\",\"target\":[\"https:\/\/f4nf.com\/de\/thank-you\/\"]}]},{\"@type\":\"BreadcrumbList\",\"@id\":\"https:\/\/f4nf.com\/de\/thank-you\/#breadcrumb\",\"itemListElement\":[{\"@type\":\"ListItem\",\"position\":1,\"name\":\"Home\",\"item\":\"https:\/\/f4nf.com\/de\/home\/\"},{\"@type\":\"ListItem\",\"position\":2,\"name\":\"\/thank-you\"}]},{\"@type\":\"WebSite\",\"@id\":\"https:\/\/f4nf.com\/de\/#website\",\"url\":\"https:\/\/f4nf.com\/de\/\",\"name\":\"Finance for non financials e-learning F4NF\",\"description\":\"Finance for non financials e-learning\",\"publisher\":{\"@id\":\"https:\/\/f4nf.com\/de\/#organization\"},\"alternateName\":\"F4NF finance e-learning\",\"potentialAction\":[{\"@type\":\"SearchAction\",\"target\":{\"@type\":\"EntryPoint\",\"urlTemplate\":\"https:\/\/f4nf.com\/de\/?s={search_term_string}\"},\"query-input\":{\"@type\":\"PropertyValueSpecification\",\"valueRequired\":true,\"valueName\":\"search_term_string\"}}],\"inLanguage\":\"de\"},{\"@type\":\"Organization\",\"@id\":\"https:\/\/f4nf.com\/de\/#organization\",\"name\":\"F4NF BV\",\"url\":\"https:\/\/f4nf.com\/de\/\",\"logo\":{\"@type\":\"ImageObject\",\"inLanguage\":\"de\",\"@id\":\"https:\/\/f4nf.com\/de\/#\/schema\/logo\/image\/\",\"url\":\"https:\/\/f4nf.com\/wp-content\/uploads\/2024\/08\/20240408-F4NF-Logo-BV.png\",\"contentUrl\":\"https:\/\/f4nf.com\/wp-content\/uploads\/2024\/08\/20240408-F4NF-Logo-BV.png\",\"width\":1902,\"height\":890,\"caption\":\"F4NF BV\"},\"image\":{\"@id\":\"https:\/\/f4nf.com\/de\/#\/schema\/logo\/image\/\"},\"sameAs\":[\"https:\/\/www.linkedin.com\/company\/finance-for-non-financials\/\",\"https:\/\/www.youtube.com\/channel\/UCJv6kwIqASbE7X6wnYYDxZA\"]}]}<\/script>\n<!-- \/ Yoast SEO plugin. -->","yoast_head_json":{"title":"\/thank-you | F4NF B.V.","robots":{"index":"index","follow":"follow","max-snippet":"max-snippet:-1","max-image-preview":"max-image-preview:large","max-video-preview":"max-video-preview:-1"},"canonical":"https:\/\/f4nf.com\/de\/thank-you\/","og_locale":"de_DE","og_type":"article","og_title":"\/thank-you | F4NF B.V.","og_description":"Vielen Dank, dass Sie sich uns auf Ihrer finanziellen Reise anschlie\u00dfen! Wir freuen uns sehr, Sie bei Finance for Non-Financials willkommen zu hei\u00dfen! Egal, ob Sie sich mit uns in Verbindung gesetzt, eine Demo unseres E-Learnings angefordert oder sich entschieden haben, unser 10-moduliges Programm zu erwerben \u2013 wir k\u00f6nnten nicht gl\u00fccklicher sein, dass Sie dabei [&hellip;]","og_url":"https:\/\/f4nf.com\/de\/thank-you\/","og_site_name":"F4NF B.V.","article_modified_time":"2024-09-25T02:56:11+00:00","og_image":[{"width":1893,"height":857,"url":"https:\/\/f4nf.com\/wp-content\/uploads\/2024\/09\/f4nfsiteiage.png","type":"image\/png"}],"twitter_card":"summary_large_image","twitter_misc":{"Gesch\u00e4tzte Lesezeit":"2\u00a0Minuten"},"schema":{"@context":"https:\/\/schema.org","@graph":[{"@type":"WebPage","@id":"https:\/\/f4nf.com\/de\/thank-you\/","url":"https:\/\/f4nf.com\/de\/thank-you\/","name":"\/thank-you | F4NF B.V.","isPartOf":{"@id":"https:\/\/f4nf.com\/de\/#website"},"datePublished":"2024-07-24T15:14:21+00:00","dateModified":"2024-09-25T02:56:11+00:00","breadcrumb":{"@id":"https:\/\/f4nf.com\/de\/thank-you\/#breadcrumb"},"inLanguage":"de","potentialAction":[{"@type":"ReadAction","target":["https:\/\/f4nf.com\/de\/thank-you\/"]}]},{"@type":"BreadcrumbList","@id":"https:\/\/f4nf.com\/de\/thank-you\/#breadcrumb","itemListElement":[{"@type":"ListItem","position":1,"name":"Home","item":"https:\/\/f4nf.com\/de\/home\/"},{"@type":"ListItem","position":2,"name":"\/thank-you"}]},{"@type":"WebSite","@id":"https:\/\/f4nf.com\/de\/#website","url":"https:\/\/f4nf.com\/de\/","name":"Finance for non financials e-learning F4NF","description":"Finance for non financials e-learning","publisher":{"@id":"https:\/\/f4nf.com\/de\/#organization"},"alternateName":"F4NF finance e-learning","potentialAction":[{"@type":"SearchAction","target":{"@type":"EntryPoint","urlTemplate":"https:\/\/f4nf.com\/de\/?s={search_term_string}"},"query-input":{"@type":"PropertyValueSpecification","valueRequired":true,"valueName":"search_term_string"}}],"inLanguage":"de"},{"@type":"Organization","@id":"https:\/\/f4nf.com\/de\/#organization","name":"F4NF BV","url":"https:\/\/f4nf.com\/de\/","logo":{"@type":"ImageObject","inLanguage":"de","@id":"https:\/\/f4nf.com\/de\/#\/schema\/logo\/image\/","url":"https:\/\/f4nf.com\/wp-content\/uploads\/2024\/08\/20240408-F4NF-Logo-BV.png","contentUrl":"https:\/\/f4nf.com\/wp-content\/uploads\/2024\/08\/20240408-F4NF-Logo-BV.png","width":1902,"height":890,"caption":"F4NF BV"},"image":{"@id":"https:\/\/f4nf.com\/de\/#\/schema\/logo\/image\/"},"sameAs":["https:\/\/www.linkedin.com\/company\/finance-for-non-financials\/","https:\/\/www.youtube.com\/channel\/UCJv6kwIqASbE7X6wnYYDxZA"]}]}},"_links":{"self":[{"href":"https:\/\/f4nf.com\/de\/wp-json\/wp\/v2\/pages\/1652","targetHints":{"allow":["GET"]}}],"collection":[{"href":"https:\/\/f4nf.com\/de\/wp-json\/wp\/v2\/pages"}],"about":[{"href":"https:\/\/f4nf.com\/de\/wp-json\/wp\/v2\/types\/page"}],"author":[{"embeddable":true,"href":"https:\/\/f4nf.com\/de\/wp-json\/wp\/v2\/users\/1"}],"replies":[{"embeddable":true,"href":"https:\/\/f4nf.com\/de\/wp-json\/wp\/v2\/comments?post=1652"}],"version-history":[{"count":17,"href":"https:\/\/f4nf.com\/de\/wp-json\/wp\/v2\/pages\/1652\/revisions"}],"predecessor-version":[{"id":2910,"href":"https:\/\/f4nf.com\/de\/wp-json\/wp\/v2\/pages\/1652\/revisions\/2910"}],"wp:attachment":[{"href":"https:\/\/f4nf.com\/de\/wp-json\/wp\/v2\/media?parent=1652"}],"curies":[{"name":"wp","href":"https:\/\/api.w.org\/{rel}","templated":true}]}}