{"id":1647,"date":"2024-08-19T12:03:44","date_gmt":"2024-08-19T10:03:44","guid":{"rendered":"https:\/\/f4nf.com\/rueckerstattung\/"},"modified":"2024-09-12T13:58:15","modified_gmt":"2024-09-12T11:58:15","slug":"rueckerstattung","status":"publish","type":"page","link":"https:\/\/f4nf.com\/de\/rueckerstattung\/","title":{"rendered":"R\u00fcckerstattung"},"content":{"rendered":"<p>[et_pb_section fb_built=&#8220;1&#8243; admin_label=&#8220;section&#8220; _builder_version=&#8220;4.16&#8243; global_colors_info=&#8220;{}&#8220;][et_pb_row admin_label=&#8220;Zeile&#8220; _builder_version=&#8220;4.16&#8243; background_size=&#8220;initial&#8220; background_position=&#8220;top_left&#8220; background_repeat=&#8220;repeat&#8220; global_colors_info=&#8220;{}&#8220;][et_pb_column type=&#8220;4_4&#8243; _builder_version=&#8220;4.16&#8243; custom_padding=&#8220;|||&#8220; global_colors_info=&#8220;{}&#8220; custom_padding__hover=&#8220;|||&#8220;][et_pb_text admin_label=&#8220;Text&#8220; _builder_version=&#8220;4.27.0&#8243; background_size=&#8220;initial&#8220; background_position=&#8220;top_left&#8220; background_repeat=&#8220;repeat&#8220; global_colors_info=&#8220;{}&#8220;]<\/p>\n<h2>R\u00fcckerstattung<\/h2>\n<p>Wir von F4NF B.V. sind von der Qualit\u00e4t unserer E-Learning-Produkte \u00fcberzeugt und m\u00f6chten, dass Sie sich beim Kauf sicher f\u00fchlen. Wir bieten ein 14-t\u00e4giges R\u00fcckgaberecht ab dem Datum der Zahlung. Wenn Sie Ihre Anmeldung innerhalb dieser Frist stornieren, erhalten Sie den vollen Betrag zur\u00fcck, vorausgesetzt, Sie haben noch keine Kursmaterialien angesehen oder heruntergeladen.<\/p>\n<h5>Nicht erstattungsf\u00e4hige Artikel: Gutscheine<\/h5>\n<h3><\/h3>\n<h3><\/h3>\n<h3>Versp\u00e4tete oder fehlende Erstattungen<\/h3>\n<p>Die R\u00fcckerstattung erfolgt auf die urspr\u00fcnglich f\u00fcr Ihren Kauf verwendete Zahlungsmethode. Wenn Sie Ihre R\u00fcckerstattung nicht erhalten haben, folgen Sie bitte diesen Schritten:<\/p>\n<p><strong>\u00dcberpr\u00fcfen Sie Ihr Bankkonto:<\/strong> Pr\u00fcfen Sie Ihre Bank- oder Kreditkartenabrechnung, um sich zu vergewissern, dass die Erstattung nicht gebucht wurde.<br \/><strong>Kontaktieren Sie Ihr Kreditkartenunternehmen:<\/strong> Bitte beachten Sie, dass es einige Zeit dauern kann, bis die R\u00fcckerstattung offiziell bearbeitet und gebucht wird.<br \/><strong>Kontaktieren Sie Ihre Bank:<\/strong> Es kann einige Zeit dauern, bis die R\u00fcckerstattung auf Ihrem Konto erscheint.<br \/>Wenn Sie diese Schritte durchgef\u00fchrt haben und Ihre R\u00fcckerstattung immer noch nicht sehen, kontaktieren Sie uns bitte unter office@f4nf.com.<\/p>\n<h3>Brauchen Sie Hilfe?<\/h3>\n<p>Wenn Sie Fragen zu Ihrer R\u00fcckerstattung haben, kontaktieren Sie uns bitte unter office@f4nf.com. Wir sind f\u00fcr Sie da.<\/p>\n<p>[\/et_pb_text][\/et_pb_column][\/et_pb_row][\/et_pb_section]<\/p>\n","protected":false},"excerpt":{"rendered":"<p>R\u00fcckerstattung Wir von F4NF B.V. sind von der Qualit\u00e4t unserer E-Learning-Produkte \u00fcberzeugt und m\u00f6chten, dass Sie sich beim Kauf sicher f\u00fchlen. Wir bieten ein 14-t\u00e4giges R\u00fcckgaberecht ab dem Datum der Zahlung. Wenn Sie Ihre Anmeldung innerhalb dieser Frist stornieren, erhalten Sie den vollen Betrag zur\u00fcck, vorausgesetzt, Sie haben noch keine Kursmaterialien angesehen oder heruntergeladen. Nicht [&hellip;]<\/p>\n","protected":false},"author":1,"featured_media":0,"parent":0,"menu_order":0,"comment_status":"closed","ping_status":"closed","template":"","meta":{"_et_pb_use_builder":"on","_et_pb_old_content":"","_et_gb_content_width":"","footnotes":""},"class_list":["post-1647","page","type-page","status-publish","hentry"],"yoast_head":"<!-- This site is optimized with the Yoast SEO plugin v25.5 - https:\/\/yoast.com\/wordpress\/plugins\/seo\/ -->\n<title>R\u00fcckerstattung | F4NF B.V.<\/title>\n<meta name=\"robots\" content=\"index, follow, max-snippet:-1, max-image-preview:large, max-video-preview:-1\" \/>\n<link rel=\"canonical\" href=\"https:\/\/f4nf.com\/de\/rueckerstattung\/\" \/>\n<meta property=\"og:locale\" content=\"de_DE\" \/>\n<meta property=\"og:type\" content=\"article\" \/>\n<meta property=\"og:title\" content=\"R\u00fcckerstattung | F4NF B.V.\" \/>\n<meta property=\"og:description\" content=\"R\u00fcckerstattung Wir von F4NF B.V. sind von der Qualit\u00e4t unserer E-Learning-Produkte \u00fcberzeugt und m\u00f6chten, dass Sie sich beim Kauf sicher f\u00fchlen. Wir bieten ein 14-t\u00e4giges R\u00fcckgaberecht ab dem Datum der Zahlung. Wenn Sie Ihre Anmeldung innerhalb dieser Frist stornieren, erhalten Sie den vollen Betrag zur\u00fcck, vorausgesetzt, Sie haben noch keine Kursmaterialien angesehen oder heruntergeladen. Nicht [&hellip;]\" \/>\n<meta property=\"og:url\" content=\"https:\/\/f4nf.com\/de\/rueckerstattung\/\" \/>\n<meta property=\"og:site_name\" content=\"F4NF B.V.\" \/>\n<meta property=\"article:modified_time\" content=\"2024-09-12T11:58:15+00:00\" \/>\n<meta property=\"og:image\" content=\"https:\/\/f4nf.com\/wp-content\/uploads\/2024\/09\/f4nfsiteiage.png\" \/>\n\t<meta property=\"og:image:width\" content=\"1893\" \/>\n\t<meta property=\"og:image:height\" content=\"857\" \/>\n\t<meta property=\"og:image:type\" content=\"image\/png\" \/>\n<meta name=\"twitter:card\" content=\"summary_large_image\" \/>\n<meta name=\"twitter:label1\" content=\"Gesch\u00e4tzte Lesezeit\" \/>\n\t<meta name=\"twitter:data1\" content=\"1\u00a0Minute\" \/>\n<script type=\"application\/ld+json\" class=\"yoast-schema-graph\">{\"@context\":\"https:\/\/schema.org\",\"@graph\":[{\"@type\":\"WebPage\",\"@id\":\"https:\/\/f4nf.com\/de\/rueckerstattung\/\",\"url\":\"https:\/\/f4nf.com\/de\/rueckerstattung\/\",\"name\":\"R\u00fcckerstattung | F4NF B.V.\",\"isPartOf\":{\"@id\":\"https:\/\/f4nf.com\/de\/#website\"},\"datePublished\":\"2024-08-19T10:03:44+00:00\",\"dateModified\":\"2024-09-12T11:58:15+00:00\",\"breadcrumb\":{\"@id\":\"https:\/\/f4nf.com\/de\/rueckerstattung\/#breadcrumb\"},\"inLanguage\":\"de\",\"potentialAction\":[{\"@type\":\"ReadAction\",\"target\":[\"https:\/\/f4nf.com\/de\/rueckerstattung\/\"]}]},{\"@type\":\"BreadcrumbList\",\"@id\":\"https:\/\/f4nf.com\/de\/rueckerstattung\/#breadcrumb\",\"itemListElement\":[{\"@type\":\"ListItem\",\"position\":1,\"name\":\"Home\",\"item\":\"https:\/\/f4nf.com\/de\/home\/\"},{\"@type\":\"ListItem\",\"position\":2,\"name\":\"R\u00fcckerstattung\"}]},{\"@type\":\"WebSite\",\"@id\":\"https:\/\/f4nf.com\/de\/#website\",\"url\":\"https:\/\/f4nf.com\/de\/\",\"name\":\"Finance for non financials e-learning F4NF\",\"description\":\"Finance for non financials e-learning\",\"publisher\":{\"@id\":\"https:\/\/f4nf.com\/de\/#organization\"},\"alternateName\":\"F4NF finance e-learning\",\"potentialAction\":[{\"@type\":\"SearchAction\",\"target\":{\"@type\":\"EntryPoint\",\"urlTemplate\":\"https:\/\/f4nf.com\/de\/?s={search_term_string}\"},\"query-input\":{\"@type\":\"PropertyValueSpecification\",\"valueRequired\":true,\"valueName\":\"search_term_string\"}}],\"inLanguage\":\"de\"},{\"@type\":\"Organization\",\"@id\":\"https:\/\/f4nf.com\/de\/#organization\",\"name\":\"F4NF BV\",\"url\":\"https:\/\/f4nf.com\/de\/\",\"logo\":{\"@type\":\"ImageObject\",\"inLanguage\":\"de\",\"@id\":\"https:\/\/f4nf.com\/de\/#\/schema\/logo\/image\/\",\"url\":\"https:\/\/f4nf.com\/wp-content\/uploads\/2024\/08\/20240408-F4NF-Logo-BV.png\",\"contentUrl\":\"https:\/\/f4nf.com\/wp-content\/uploads\/2024\/08\/20240408-F4NF-Logo-BV.png\",\"width\":1902,\"height\":890,\"caption\":\"F4NF BV\"},\"image\":{\"@id\":\"https:\/\/f4nf.com\/de\/#\/schema\/logo\/image\/\"},\"sameAs\":[\"https:\/\/www.linkedin.com\/company\/finance-for-non-financials\/\",\"https:\/\/www.youtube.com\/channel\/UCJv6kwIqASbE7X6wnYYDxZA\"]}]}<\/script>\n<!-- \/ Yoast SEO plugin. -->","yoast_head_json":{"title":"R\u00fcckerstattung | F4NF B.V.","robots":{"index":"index","follow":"follow","max-snippet":"max-snippet:-1","max-image-preview":"max-image-preview:large","max-video-preview":"max-video-preview:-1"},"canonical":"https:\/\/f4nf.com\/de\/rueckerstattung\/","og_locale":"de_DE","og_type":"article","og_title":"R\u00fcckerstattung | F4NF B.V.","og_description":"R\u00fcckerstattung Wir von F4NF B.V. sind von der Qualit\u00e4t unserer E-Learning-Produkte \u00fcberzeugt und m\u00f6chten, dass Sie sich beim Kauf sicher f\u00fchlen. Wir bieten ein 14-t\u00e4giges R\u00fcckgaberecht ab dem Datum der Zahlung. Wenn Sie Ihre Anmeldung innerhalb dieser Frist stornieren, erhalten Sie den vollen Betrag zur\u00fcck, vorausgesetzt, Sie haben noch keine Kursmaterialien angesehen oder heruntergeladen. Nicht [&hellip;]","og_url":"https:\/\/f4nf.com\/de\/rueckerstattung\/","og_site_name":"F4NF B.V.","article_modified_time":"2024-09-12T11:58:15+00:00","og_image":[{"width":1893,"height":857,"url":"https:\/\/f4nf.com\/wp-content\/uploads\/2024\/09\/f4nfsiteiage.png","type":"image\/png"}],"twitter_card":"summary_large_image","twitter_misc":{"Gesch\u00e4tzte Lesezeit":"1\u00a0Minute"},"schema":{"@context":"https:\/\/schema.org","@graph":[{"@type":"WebPage","@id":"https:\/\/f4nf.com\/de\/rueckerstattung\/","url":"https:\/\/f4nf.com\/de\/rueckerstattung\/","name":"R\u00fcckerstattung | F4NF B.V.","isPartOf":{"@id":"https:\/\/f4nf.com\/de\/#website"},"datePublished":"2024-08-19T10:03:44+00:00","dateModified":"2024-09-12T11:58:15+00:00","breadcrumb":{"@id":"https:\/\/f4nf.com\/de\/rueckerstattung\/#breadcrumb"},"inLanguage":"de","potentialAction":[{"@type":"ReadAction","target":["https:\/\/f4nf.com\/de\/rueckerstattung\/"]}]},{"@type":"BreadcrumbList","@id":"https:\/\/f4nf.com\/de\/rueckerstattung\/#breadcrumb","itemListElement":[{"@type":"ListItem","position":1,"name":"Home","item":"https:\/\/f4nf.com\/de\/home\/"},{"@type":"ListItem","position":2,"name":"R\u00fcckerstattung"}]},{"@type":"WebSite","@id":"https:\/\/f4nf.com\/de\/#website","url":"https:\/\/f4nf.com\/de\/","name":"Finance for non financials e-learning F4NF","description":"Finance for non financials e-learning","publisher":{"@id":"https:\/\/f4nf.com\/de\/#organization"},"alternateName":"F4NF finance e-learning","potentialAction":[{"@type":"SearchAction","target":{"@type":"EntryPoint","urlTemplate":"https:\/\/f4nf.com\/de\/?s={search_term_string}"},"query-input":{"@type":"PropertyValueSpecification","valueRequired":true,"valueName":"search_term_string"}}],"inLanguage":"de"},{"@type":"Organization","@id":"https:\/\/f4nf.com\/de\/#organization","name":"F4NF BV","url":"https:\/\/f4nf.com\/de\/","logo":{"@type":"ImageObject","inLanguage":"de","@id":"https:\/\/f4nf.com\/de\/#\/schema\/logo\/image\/","url":"https:\/\/f4nf.com\/wp-content\/uploads\/2024\/08\/20240408-F4NF-Logo-BV.png","contentUrl":"https:\/\/f4nf.com\/wp-content\/uploads\/2024\/08\/20240408-F4NF-Logo-BV.png","width":1902,"height":890,"caption":"F4NF BV"},"image":{"@id":"https:\/\/f4nf.com\/de\/#\/schema\/logo\/image\/"},"sameAs":["https:\/\/www.linkedin.com\/company\/finance-for-non-financials\/","https:\/\/www.youtube.com\/channel\/UCJv6kwIqASbE7X6wnYYDxZA"]}]}},"_links":{"self":[{"href":"https:\/\/f4nf.com\/de\/wp-json\/wp\/v2\/pages\/1647","targetHints":{"allow":["GET"]}}],"collection":[{"href":"https:\/\/f4nf.com\/de\/wp-json\/wp\/v2\/pages"}],"about":[{"href":"https:\/\/f4nf.com\/de\/wp-json\/wp\/v2\/types\/page"}],"author":[{"embeddable":true,"href":"https:\/\/f4nf.com\/de\/wp-json\/wp\/v2\/users\/1"}],"replies":[{"embeddable":true,"href":"https:\/\/f4nf.com\/de\/wp-json\/wp\/v2\/comments?post=1647"}],"version-history":[{"count":6,"href":"https:\/\/f4nf.com\/de\/wp-json\/wp\/v2\/pages\/1647\/revisions"}],"predecessor-version":[{"id":2441,"href":"https:\/\/f4nf.com\/de\/wp-json\/wp\/v2\/pages\/1647\/revisions\/2441"}],"wp:attachment":[{"href":"https:\/\/f4nf.com\/de\/wp-json\/wp\/v2\/media?parent=1647"}],"curies":[{"name":"wp","href":"https:\/\/api.w.org\/{rel}","templated":true}]}}